{"id":2963,"date":"2020-03-10T22:38:16","date_gmt":"2020-03-10T21:38:16","guid":{"rendered":"https:\/\/www.sipeurope.eu\/?page_id=2963"},"modified":"2020-08-10T20:44:16","modified_gmt":"2020-08-10T18:44:16","slug":"bauleistungen","status":"publish","type":"page","link":"https:\/\/www.sipeurope.eu\/de\/bauleistungen\/","title":{"rendered":"Bauleistungen"},"content":{"rendered":"\t<section class=\"section\" id=\"section_1319724248\">\n\t\t<div class=\"bg section-bg fill bg-fill  bg-loaded\" >\n\n\t\t\t\n\t\t\t\n\t\t\t\n\n\t\t<\/div>\n\n\t\t<div class=\"section-content relative\">\n\t\t\t\n<div class=\"container section-title-container\" style=\"margin-bottom:30px;\"><h1 class=\"section-title section-title-center\"><b><\/b><span class=\"section-title-main\" style=\"font-size:90%;\">UNSER UNTERNEHMEN BIETET UMFASSENDE BAUDIENSTLEISTUNGEN<\/span><b><\/b><\/h1><\/div>\n<div class=\"row\"  id=\"row-548065587\">\n\n\t<div id=\"col-945267213\" class=\"col small-12 large-12\"  >\n\t\t\t\t<div class=\"col-inner\"  >\n\t\t\t\n\t\t\t\n<p class=\"p1\" style=\"text-align: center;\">Egal, ob unser Kunde ein Bau-, Immobilienentwicklungs-, Architekturunternehmen oder eine Gruppe von Einzelh\u00e4ndlern oder Tischlern ist,<strong> alle unsere Kunden sch\u00e4tzen unsere Flexibilit\u00e4t, schnelle Kommunikation und Beratung sowie umfassende Dienstleistungen<\/strong>. Unser professionelles Team von Projektanten verwendet die neuesten Designtechnologien, die mit BIM (Building Information Modeling) kompatibel sind.<\/p>\n\t\t<\/div>\n\t\t\t\t\t<\/div>\n\n\t\n\n\t<div id=\"col-1058011648\" class=\"col medium-4 small-12 large-4\"  >\n\t\t\t\t<div class=\"col-inner text-center box-shadow-2 box-shadow-3-hover\" style=\"background-color:rgb(255, 255, 255);\" >\n\t\t\t\n\t\t\t\n\t<div class=\"img has-hover x md-x lg-x y md-y lg-y\" id=\"image_1739552215\">\n\t\t<a class=\"\" href=\"https:\/\/www.sipeurope.eu\/de\/bauleistungen\/aus-und-weiterbildung\/\"  >\t\t\t\t\t\t<div class=\"img-inner image-zoom image-cover dark\" style=\"padding-top:75%;\">\n\t\t\t<img width=\"300\" height=\"200\" src=\"https:\/\/www.sipeurope.eu\/wp-content\/uploads\/2020\/02\/skolenia-a-vzdelavanie-SIPEUROPE.jpg\" class=\"attachment-large size-large\" alt=\"\u0161kolenie stavba SE SIP panel syst\u00e9m\" loading=\"lazy\" \/>\t\t\t\t\t\t\n\t\t\t\t\t<\/div>\n\t\t\t\t\t\t<\/a>\t\t\n<style>\n#image_1739552215 {\n  width: 100%;\n}\n<\/style>\n\t<\/div>\n\t\n<p class=\"lead\" style=\"text-align: center;\"><strong>Aus- und Weiterbildung<\/strong><\/p>\n<a href=\"https:\/\/www.sipeurope.eu\/de\/bauleistungen\/aus-und-weiterbildung\/\" target=\"_self\" class=\"button primary lowercase\"  style=\"border-radius:99px;\">\n    <span>Mehr erfahren<\/span>\n  <\/a>\n\n\t\t<\/div>\n\t\t\t\t\t<\/div>\n\n\t\n\n\t<div id=\"col-838189098\" class=\"col medium-4 small-12 large-4\"  >\n\t\t\t\t<div class=\"col-inner text-center box-shadow-2 box-shadow-3-hover\" style=\"background-color:rgb(255, 255, 255);\" >\n\t\t\t\n\t\t\t\n\t<div class=\"img has-hover x md-x lg-x y md-y lg-y\" id=\"image_779479021\">\n\t\t<a class=\"\" href=\"https:\/\/www.sipeurope.eu\/de\/bauleistungen\/ingenieurtaetigkeit\/\"  >\t\t\t\t\t\t<div class=\"img-inner image-zoom image-cover dark\" style=\"padding-top:75%;\">\n\t\t\t<img width=\"300\" height=\"200\" src=\"https:\/\/www.sipeurope.eu\/wp-content\/uploads\/2020\/02\/Inzinierska-cinnost-projekcia-stavieb-SIPEUROPE.jpg\" class=\"attachment-large size-large\" alt=\"inzinierska cinnost projecia stavieb SE SIP syst\u00e9m\" loading=\"lazy\" \/>\t\t\t\t\t\t\n\t\t\t\t\t<\/div>\n\t\t\t\t\t\t<\/a>\t\t\n<style>\n#image_779479021 {\n  width: 100%;\n}\n<\/style>\n\t<\/div>\n\t\n<p class=\"lead\" style=\"text-align: center;\"><strong>Ingenieurt\u00e4tigkeit<\/strong><\/p>\n<a href=\"https:\/\/www.sipeurope.eu\/de\/bauleistungen\/ingenieurtaetigkeit\/\" target=\"_self\" class=\"button primary lowercase\"  style=\"border-radius:99px;\">\n    <span>Mehr erfahren<\/span>\n  <\/a>\n\n\t\t<\/div>\n\t\t\t\t\t<\/div>\n\n\t\n\n\t<div id=\"col-701023362\" class=\"col medium-4 small-12 large-4\"  >\n\t\t\t\t<div class=\"col-inner text-center box-shadow-2 box-shadow-3-hover\" style=\"background-color:rgb(255, 255, 255);\" >\n\t\t\t\n\t\t\t\n\t<div class=\"img has-hover x md-x lg-x y md-y lg-y\" id=\"image_50740558\">\n\t\t<a class=\"\" href=\"https:\/\/www.sipeurope.eu\/de\/bauleistungen\/bautaetigkeit\/\"  >\t\t\t\t\t\t<div class=\"img-inner image-zoom image-cover dark\" style=\"padding-top:75%;\">\n\t\t\t<img width=\"300\" height=\"200\" src=\"https:\/\/www.sipeurope.eu\/wp-content\/uploads\/2020\/02\/stavebna-cinnost-SIPEUROPE.jpg\" class=\"attachment-large size-large\" alt=\"rodinn\u00fd dom SE SIP panelov\u00e9 stavby\" loading=\"lazy\" \/>\t\t\t\t\t\t\n\t\t\t\t\t<\/div>\n\t\t\t\t\t\t<\/a>\t\t\n<style>\n#image_50740558 {\n  width: 100%;\n}\n<\/style>\n\t<\/div>\n\t\n<p class=\"lead\" style=\"text-align: center;\"><strong>Baut\u00e4tigkeit<\/strong><\/p>\n<a href=\"https:\/\/www.sipeurope.eu\/de\/bauleistungen\/bautaetigkeit\/\" target=\"_self\" class=\"button primary lowercase\"  style=\"border-radius:99px;\">\n    <span>Mehr erfahren<\/span>\n  <\/a>\n\n\t\t<\/div>\n\t\t\t\t\t<\/div>\n\n\t\n<\/div>\n\t\t<\/div>\n\n\t\t\n<style>\n#section_1319724248 {\n  padding-top: 30px;\n  padding-bottom: 30px;\n  background-color: rgb(235, 235, 235);\n}\n<\/style>\n\t<\/section>\n\t\n\t<section class=\"section dark\" id=\"section_2021230915\">\n\t\t<div class=\"bg section-bg fill bg-fill  bg-loaded\" >\n\n\t\t\t\n\t\t\t\n\t\t\t\n\n\t\t<\/div>\n\n\t\t<div class=\"section-content relative\">\n\t\t\t\n\n<div class=\"row\"  id=\"row-13188537\">\n\n\n\t<div id=\"col-900530317\" class=\"col medium-4 small-12 large-4\"  >\n\t\t\t\t<div class=\"col-inner\"  >\n\t\t\t\n\t\t\t\n\n<div class=\"container section-title-container\" ><h4 class=\"section-title section-title-normal\"><b><\/b><span class=\"section-title-main\" >Kontaktdaten<\/span><b><\/b><\/h4><\/div>\n\n<strong>SIPEUROPE s.r.o<\/strong><\/br>Rastislavova 68\/139<\/br>951 41 Lu\u017eianky<\/br>Tel.: <a href=\"tel:+421911031081\">+421 911 031 081<\/a><\/br>E-mail: <a href=\"mailto:info@sipeurope.eu\">info@sipeurope.eu<\/a><\/br>\n\n\t\t<\/div>\n\t\t\t\t\t<\/div>\n\n\t\n\n\t<div id=\"col-388111187\" class=\"col medium-4 small-12 large-4\"  >\n\t\t\t\t<div class=\"col-inner\"  >\n\t\t\t\n\t\t\t\n\n<div class=\"container section-title-container\" ><h4 class=\"section-title section-title-normal\"><b><\/b><span class=\"section-title-main\" >Fakturierung<\/span><b><\/b><\/h4><\/div>\n\n<p><strong>I\u010cO: 47 58 90 94<br \/>\nI\u010c DPH: SK 20 23 99 89 22<br \/>\nBANK: Slovensk\u00e1 sporite\u013e\u0148a, a. s.<br \/>\nBIC SWIFT: GIBASKBX<br \/>\nIBAN: SK22 0900 0000 0051 4006 7146<\/strong><\/br><\/p>\n\n\t\t<\/div>\n\t\t\t\t\t<\/div>\n\n\t\n\n\t<div id=\"col-1029625426\" class=\"col medium-4 small-12 large-4\"  >\n\t\t\t\t<div class=\"col-inner\"  >\n\t\t\t\n\t\t\t\n\n<div class=\"container section-title-container\" ><h4 class=\"section-title section-title-normal\"><b><\/b><span class=\"section-title-main\" >Folgen Sie uns<\/span><b><\/b><\/h4><\/div>\n\n<div class=\"social-icons follow-icons\" style=\"font-size:128%\"><a href=\"https:\/\/www.facebook.com\/sipeurope.eu\/\" target=\"_blank\" data-label=\"Facebook\" rel=\"noopener noreferrer nofollow\" class=\"icon button circle is-outline facebook tooltip\" title=\"Folge uns auf Facebook\" aria-label=\"Folge uns auf Facebook\"><i class=\"icon-facebook\" ><\/i><\/a><a href=\"https:\/\/www.instagram.com\/sip_europe\/\" target=\"_blank\" rel=\"noopener noreferrer nofollow\" data-label=\"Instagram\" class=\"icon button circle is-outline  instagram tooltip\" title=\"Folge uns auf Instagram\" aria-label=\"Folge uns auf Instagram\"><i class=\"icon-instagram\" ><\/i><\/a><a href=\"https:\/\/sk.pinterest.com\/sipeurope\/\" target=\"_blank\" rel=\"noopener noreferrer nofollow\"  data-label=\"Pinterest\"  class=\"icon button circle is-outline  pinterest tooltip\" title=\"Folge uns auf Pinterest\" aria-label=\"Folge uns auf Pinterest\"><i class=\"icon-pinterest\" ><\/i><\/a><a href=\"https:\/\/www.youtube.com\/channel\/UC1kX_fhlX91CLf3mKmII8dA\" target=\"_blank\" rel=\"noopener noreferrer nofollow\" data-label=\"YouTube\" class=\"icon button circle is-outline  youtube tooltip\" title=\"Folge uns auf Youtube\" aria-label=\"Folge uns auf Youtube\"><i class=\"icon-youtube\" ><\/i><\/a><\/div>\n\n\n\t\t<\/div>\n\t\t\t\t\t<\/div>\n\n\t\n\n<\/div>\n\n\t\t<\/div>\n\n\t\t\n<style>\n#section_2021230915 {\n  padding-top: 30px;\n  padding-bottom: 30px;\n  background-color: #24b45c;\n}\n<\/style>\n\t<\/section>\n\t\n","protected":false},"excerpt":{"rendered":"","protected":false},"author":1,"featured_media":0,"parent":0,"menu_order":0,"comment_status":"closed","ping_status":"closed","template":"","meta":{"_monsterinsights_skip_tracking":false,"_monsterinsights_sitenote_active":false,"_monsterinsights_sitenote_note":"","_monsterinsights_sitenote_category":0},"yoast_head":"<!-- This site is optimized with the Yoast SEO plugin v16.7 - https:\/\/yoast.com\/wordpress\/plugins\/seo\/ -->\n<title>Bauleistungen - SIP EUROPE<\/title>\n<meta name=\"robots\" content=\"index, follow, max-snippet:-1, max-image-preview:large, max-video-preview:-1\" \/>\n<link rel=\"canonical\" href=\"https:\/\/www.sipeurope.eu\/de\/bauleistungen\/\" \/>\n<meta property=\"og:locale\" content=\"de_DE\" \/>\n<meta property=\"og:type\" content=\"article\" \/>\n<meta property=\"og:title\" content=\"Bauleistungen - SIP EUROPE\" \/>\n<meta property=\"og:url\" content=\"https:\/\/www.sipeurope.eu\/de\/bauleistungen\/\" \/>\n<meta property=\"og:site_name\" content=\"SIP EUROPE\" \/>\n<meta property=\"article:modified_time\" content=\"2020-08-10T18:44:16+00:00\" \/>\n<meta name=\"twitter:card\" content=\"summary_large_image\" \/>\n<meta name=\"twitter:label1\" content=\"Gesch\u00e4tzte Lesezeit\" \/>\n\t<meta name=\"twitter:data1\" content=\"1\u00a0Minute\" \/>\n<script type=\"application\/ld+json\" class=\"yoast-schema-graph\">{\"@context\":\"https:\/\/schema.org\",\"@graph\":[{\"@type\":\"Organization\",\"@id\":\"https:\/\/www.sipeurope.eu\/en\/#organization\",\"name\":\"SIP EUROPE\",\"url\":\"https:\/\/www.sipeurope.eu\/en\/\",\"sameAs\":[],\"logo\":{\"@type\":\"ImageObject\",\"@id\":\"https:\/\/www.sipeurope.eu\/en\/#logo\",\"inLanguage\":\"de\",\"url\":\"https:\/\/www.sipeurope.eu\/wp-content\/uploads\/2020\/02\/SIP-EUROPE-logo-v01.png\",\"contentUrl\":\"https:\/\/www.sipeurope.eu\/wp-content\/uploads\/2020\/02\/SIP-EUROPE-logo-v01.png\",\"width\":637,\"height\":184,\"caption\":\"SIP EUROPE\"},\"image\":{\"@id\":\"https:\/\/www.sipeurope.eu\/en\/#logo\"}},{\"@type\":\"WebSite\",\"@id\":\"https:\/\/www.sipeurope.eu\/en\/#website\",\"url\":\"https:\/\/www.sipeurope.eu\/en\/\",\"name\":\"SIP EUROPE\",\"description\":\"N\\u00edzkoenergetick\\u00e9 a pas\\u00edvne stavby\",\"publisher\":{\"@id\":\"https:\/\/www.sipeurope.eu\/en\/#organization\"},\"potentialAction\":[{\"@type\":\"SearchAction\",\"target\":{\"@type\":\"EntryPoint\",\"urlTemplate\":\"https:\/\/www.sipeurope.eu\/en\/?s={search_term_string}\"},\"query-input\":\"required name=search_term_string\"}],\"inLanguage\":\"de\"},{\"@type\":\"WebPage\",\"@id\":\"https:\/\/www.sipeurope.eu\/de\/bauleistungen\/#webpage\",\"url\":\"https:\/\/www.sipeurope.eu\/de\/bauleistungen\/\",\"name\":\"Bauleistungen - SIP EUROPE\",\"isPartOf\":{\"@id\":\"https:\/\/www.sipeurope.eu\/en\/#website\"},\"datePublished\":\"2020-03-10T21:38:16+00:00\",\"dateModified\":\"2020-08-10T18:44:16+00:00\",\"breadcrumb\":{\"@id\":\"https:\/\/www.sipeurope.eu\/de\/bauleistungen\/#breadcrumb\"},\"inLanguage\":\"de\",\"potentialAction\":[{\"@type\":\"ReadAction\",\"target\":[\"https:\/\/www.sipeurope.eu\/de\/bauleistungen\/\"]}]},{\"@type\":\"BreadcrumbList\",\"@id\":\"https:\/\/www.sipeurope.eu\/de\/bauleistungen\/#breadcrumb\",\"itemListElement\":[{\"@type\":\"ListItem\",\"position\":1,\"name\":\"Home\",\"item\":\"https:\/\/www.sipeurope.eu\/de\/\"},{\"@type\":\"ListItem\",\"position\":2,\"name\":\"Bauleistungen\"}]}]}<\/script>\n<!-- \/ Yoast SEO plugin. -->","yoast_head_json":{"title":"Bauleistungen - SIP EUROPE","robots":{"index":"index","follow":"follow","max-snippet":"max-snippet:-1","max-image-preview":"max-image-preview:large","max-video-preview":"max-video-preview:-1"},"canonical":"https:\/\/www.sipeurope.eu\/de\/bauleistungen\/","og_locale":"de_DE","og_type":"article","og_title":"Bauleistungen - SIP EUROPE","og_url":"https:\/\/www.sipeurope.eu\/de\/bauleistungen\/","og_site_name":"SIP EUROPE","article_modified_time":"2020-08-10T18:44:16+00:00","twitter_card":"summary_large_image","twitter_misc":{"Gesch\u00e4tzte Lesezeit":"1\u00a0Minute"},"schema":{"@context":"https:\/\/schema.org","@graph":[{"@type":"Organization","@id":"https:\/\/www.sipeurope.eu\/en\/#organization","name":"SIP EUROPE","url":"https:\/\/www.sipeurope.eu\/en\/","sameAs":[],"logo":{"@type":"ImageObject","@id":"https:\/\/www.sipeurope.eu\/en\/#logo","inLanguage":"de","url":"https:\/\/www.sipeurope.eu\/wp-content\/uploads\/2020\/02\/SIP-EUROPE-logo-v01.png","contentUrl":"https:\/\/www.sipeurope.eu\/wp-content\/uploads\/2020\/02\/SIP-EUROPE-logo-v01.png","width":637,"height":184,"caption":"SIP EUROPE"},"image":{"@id":"https:\/\/www.sipeurope.eu\/en\/#logo"}},{"@type":"WebSite","@id":"https:\/\/www.sipeurope.eu\/en\/#website","url":"https:\/\/www.sipeurope.eu\/en\/","name":"SIP EUROPE","description":"N\u00edzkoenergetick\u00e9 a pas\u00edvne stavby","publisher":{"@id":"https:\/\/www.sipeurope.eu\/en\/#organization"},"potentialAction":[{"@type":"SearchAction","target":{"@type":"EntryPoint","urlTemplate":"https:\/\/www.sipeurope.eu\/en\/?s={search_term_string}"},"query-input":"required name=search_term_string"}],"inLanguage":"de"},{"@type":"WebPage","@id":"https:\/\/www.sipeurope.eu\/de\/bauleistungen\/#webpage","url":"https:\/\/www.sipeurope.eu\/de\/bauleistungen\/","name":"Bauleistungen - SIP EUROPE","isPartOf":{"@id":"https:\/\/www.sipeurope.eu\/en\/#website"},"datePublished":"2020-03-10T21:38:16+00:00","dateModified":"2020-08-10T18:44:16+00:00","breadcrumb":{"@id":"https:\/\/www.sipeurope.eu\/de\/bauleistungen\/#breadcrumb"},"inLanguage":"de","potentialAction":[{"@type":"ReadAction","target":["https:\/\/www.sipeurope.eu\/de\/bauleistungen\/"]}]},{"@type":"BreadcrumbList","@id":"https:\/\/www.sipeurope.eu\/de\/bauleistungen\/#breadcrumb","itemListElement":[{"@type":"ListItem","position":1,"name":"Home","item":"https:\/\/www.sipeurope.eu\/de\/"},{"@type":"ListItem","position":2,"name":"Bauleistungen"}]}]}},"_links":{"self":[{"href":"https:\/\/www.sipeurope.eu\/de\/wp-json\/wp\/v2\/pages\/2963"}],"collection":[{"href":"https:\/\/www.sipeurope.eu\/de\/wp-json\/wp\/v2\/pages"}],"about":[{"href":"https:\/\/www.sipeurope.eu\/de\/wp-json\/wp\/v2\/types\/page"}],"author":[{"embeddable":true,"href":"https:\/\/www.sipeurope.eu\/de\/wp-json\/wp\/v2\/users\/1"}],"replies":[{"embeddable":true,"href":"https:\/\/www.sipeurope.eu\/de\/wp-json\/wp\/v2\/comments?post=2963"}],"version-history":[{"count":3,"href":"https:\/\/www.sipeurope.eu\/de\/wp-json\/wp\/v2\/pages\/2963\/revisions"}],"predecessor-version":[{"id":3154,"href":"https:\/\/www.sipeurope.eu\/de\/wp-json\/wp\/v2\/pages\/2963\/revisions\/3154"}],"wp:attachment":[{"href":"https:\/\/www.sipeurope.eu\/de\/wp-json\/wp\/v2\/media?parent=2963"}],"curies":[{"name":"wp","href":"https:\/\/api.w.org\/{rel}","templated":true}]}}