{"id":3001,"date":"2020-03-10T22:35:26","date_gmt":"2020-03-10T21:35:26","guid":{"rendered":"https:\/\/www.sipeurope.eu\/?page_id=3001"},"modified":"2020-08-10T17:20:31","modified_gmt":"2020-08-10T15:20:31","slug":"vorteile-architekten","status":"publish","type":"page","link":"https:\/\/www.sipeurope.eu\/de\/vorteile-se-sip-bausystem\/vorteile-architekten\/","title":{"rendered":"Vorteile f\u00fcr Architekten"},"content":{"rendered":"\n  <div class=\"banner has-hover\" id=\"banner-1988226181\">\n          <div class=\"banner-inner fill\">\n        <div class=\"banner-bg fill\" >\n            <div class=\"bg fill bg-fill \"><\/div>\n                        <div class=\"overlay\"><\/div>            \n                    <\/div>\n        <div class=\"banner-layers container\">\n            <div class=\"fill banner-link\"><\/div>            \n   <div id=\"text-box-40635684\" class=\"text-box banner-layer x50 md-x50 lg-x50 y50 md-y50 lg-y50 res-text\">\n                                <div class=\"text-box-content text dark\">\n              \n              <div class=\"text-inner text-center\">\n                  \n<h1 class=\"uppercase\"><strong>Vorteile des SE-SIP-Geb\u00e4udesystems f\u00fcr Architekten<\/strong><\/h1>\n              <\/div>\n           <\/div>\n                            \n<style>\n#text-box-40635684 {\n  width: 73%;\n}\n#text-box-40635684 .text-box-content {\n  font-size: 100%;\n}\n<\/style>\n    <\/div>\n \n        <\/div>\n      <\/div>\n\n            \n<style>\n#banner-1988226181 {\n  padding-top: 300px;\n}\n#banner-1988226181 .bg.bg-loaded {\n  background-image: url(https:\/\/www.sipeurope.eu\/wp-content\/uploads\/2020\/03\/vyhody-sip-systemu-pre-architektov-1024x463.jpg);\n}\n#banner-1988226181 .overlay {\n  background-color: rgba(0,0,0,.5);\n}\n#banner-1988226181 .bg {\n  background-position: 53% 100%;\n}\n@media (min-width:550px) {\n  #banner-1988226181 {\n    padding-top: 450px;\n  }\n}\n<\/style>\n  <\/div>\n\n\n\t<section class=\"section\" id=\"section_1757072531\">\n\t\t<div class=\"bg section-bg fill bg-fill  bg-loaded\" >\n\n\t\t\t\n\t\t\t\n\t\t\t\n\t<div class=\"is-border\"\n\t\tstyle=\"border-width:0px 0px 0px 0px;\">\n\t<\/div>\n\n\t\t<\/div>\n\n\t\t<div class=\"section-content relative\">\n\t\t\t\n<div class=\"row align-middle align-center\"  id=\"row-1446729888\">\n\n\t<div id=\"col-457407072\" class=\"col small-12 large-12\"  >\n\t\t\t\t<div class=\"col-inner text-center\"  >\n\t\t\t\n\t\t\t\n<p class=\"p1 lead\"><strong>Design-Flexibilit\u00e4t und andere Vorteile des SE-SIP-Bausystems<\/strong><\/p>\n<p class=\"p1\">Die aktuellen Rechtsvorschriften und neuen Marktanforderungen erfordern eine zunehmende Aufmerksamkeit bei der Planung sowie der Umsetzung von Geb\u00e4uden. H\u00f6here Energieeffizienz, Vermeidung von W\u00e4rmebr\u00fccken, Luftdichtheit der Geb\u00e4udeh\u00fclle, Umweltaspekte und viele andere stellen mehrere traditionelle Bausysteme vor Herausforderungen.<\/p>\n\t\t<\/div>\n\t\t\t\t\n<style>\n#col-457407072 > .col-inner {\n  padding: 0px 0px 0px 0px;\n  margin: 10px 0px -46px 0px;\n}\n<\/style>\n\t<\/div>\n\n\t\n<\/div>\n\t\t<\/div>\n\n\t\t\n<style>\n#section_1757072531 {\n  padding-top: 70px;\n  padding-bottom: 70px;\n}\n<\/style>\n\t<\/section>\n\t\n\t<section class=\"section\" id=\"section_1144530161\">\n\t\t<div class=\"bg section-bg fill bg-fill  bg-loaded\" >\n\n\t\t\t\n\t\t\t\n\t\t\t\n\n\t\t<\/div>\n\n\t\t<div class=\"section-content relative\">\n\t\t\t\n<div class=\"row\"  id=\"row-1655565835\">\n\n\t<div id=\"col-2095653806\" class=\"col small-12 large-12\"  >\n\t\t\t\t<div class=\"col-inner\"  >\n\t\t\t\n\t\t\t\n<p class=\"p1 lead\" style=\"text-align: center;\"><strong>Die innovativsten Architekten haben immer den Weg zur Gestaltung energieeffizienterer Geb\u00e4ude geebnet<\/strong><\/p>\n<p class=\"p1\" style=\"text-align: center;\">Egal, ob Sie ein Architekt, Designer von Einfamilienh\u00e4usern, Bauingenieur oder Designer gr\u00f6\u00dferer Geb\u00e4ude sind, neue Marktanforderungen und Gesetze werden Sie dazu bringen, energieeffizientere und intelligentere Geb\u00e4ude zu entwerfen. SIPEUROPE und das <a href=\"https:\/\/www.sipeurope.eu\/de\/se-sip-bausystem\/\">SE-SIP-Bausystem<\/a> k\u00f6nnen Ihre <strong>L\u00f6sung f\u00fcr das Entwerfen<\/strong> <strong>energiesparender und passiver Geb\u00e4ude<\/strong> sein. Bei vielen Projekten arbeitet unser Unternehmen mit Architekten und Projektanten aus ganz Europa zusammen. Unsere umfassende Erfahrung und Praxis bei der Herstellung von Hunderten von Geb\u00e4uden hilft Ihnen dabei, den besten Weg zu finden, wie ein SE-SIP-Bausystem f\u00fcr Ihr Projekt zu verwenden.<\/p>\n\t\t<\/div>\n\t\t\t\t\t<\/div>\n\n\t\n<\/div>\n<div class=\"row row-small align-equal align-center row-box-shadow-1 row-box-shadow-1-hover\"  id=\"row-574541680\">\n\n\t<div id=\"col-464951542\" class=\"col medium-6 small-12 large-6\"  >\n\t\t\t\t<div class=\"col-inner\" style=\"background-color:rgb(255,255,255);\" >\n\t\t\t\n\t\t\t\n<h4>Design-Flexibilit\u00e4t<\/h4>\n<p>Das SE-SIP-Bausystem ist f\u00fcr <strong>individuelle und atypische Geb\u00e4udeformen<\/strong> ausgelegt. Die Plattenstruktur erm\u00f6glicht die Montage nahezu jeder Form. <strong>Die Platten kommen zugeschnitten auf der Baustelle<\/strong> an und k\u00f6nnen gem\u00e4\u00df dem Montageplan sofort montiert werden.<\/p>\n\t\t<\/div>\n\t\t\t\t\n<style>\n#col-464951542 > .col-inner {\n  padding: 25px 35px 25px 35px;\n}\n<\/style>\n\t<\/div>\n\n\t\n\n\t<div id=\"col-1021339237\" class=\"col medium-6 small-12 large-6\"  >\n\t\t\t\t<div class=\"col-inner\" style=\"background-color:rgb(255,255,255);\" >\n\t\t\t\n\t\t\t\n<h4>Keine W\u00e4rmebr\u00fccken<\/h4>\n<p>Die Plattenstruktur des Geb\u00e4udes, viel weniger Verbrauch von Bauholz und die Verwendung von &#8222;SIP Spline&#8220;-Verbindungen <strong>reduzieren erheblich die Anzahl der W\u00e4rmebr\u00fccken in der Konstruktion<\/strong>. Dank eines einzigen SE-SIP-Bausystems wird der Albtraum der Architekten beseitigt. Sie m\u00fcssen keine schwierigen Baudetails und die Kombination verschiedener Materialien ber\u00fccksichtigen.<\/p>\n\t\t<\/div>\n\t\t\t\t\n<style>\n#col-1021339237 > .col-inner {\n  padding: 25px 35px 25px 35px;\n}\n<\/style>\n\t<\/div>\n\n\t\n\n\t<div id=\"col-1572596446\" class=\"col medium-6 small-12 large-6\"  >\n\t\t\t\t<div class=\"col-inner\" style=\"background-color:rgb(255,255,255);\" >\n\t\t\t\n\t\t\t\n<h4>Luftdichte Geb\u00e4udeh\u00fclle<\/h4>\n<p>Einer der wichtigsten Faktoren f\u00fcr Geb\u00e4ude, die strengen Standards entsprechen, ist die luftdichte Geb\u00e4udeh\u00fclle.<strong> Geb\u00e4ude, die das SE-SIP-Bausystem verwenden<\/strong>, erzielen die h\u00f6chsten Werte bei den durchgef\u00fchrten Luftdichtigkeitspr\u00fcfungen (sogenanntes <strong>\u201eGebl\u00e4set\u00fcr-Test\u201c<\/strong>). Sie sind f\u00fcr moderne L\u00fcftungssysteme konzipiert, um einen h\u00f6heren Wohnkomfort zu erzielen.<\/p>\n\t\t<\/div>\n\t\t\t\t\n<style>\n#col-1572596446 > .col-inner {\n  padding: 25px 35px 25px 35px;\n}\n<\/style>\n\t<\/div>\n\n\t\n\n\t<div id=\"col-1922172281\" class=\"col medium-6 small-12 large-6\"  >\n\t\t\t\t<div class=\"col-inner\" style=\"background-color:rgb(255,255,255);\" >\n\t\t\t\n\t\t\t\n<h4>Nutzungsvariabilit\u00e4t<\/h4>\n<p>SIP-Platten werden in vier Grunddicken hergestellt, was ihr breites Einsatzspektrum gew\u00e4hrleistet. Wir k\u00f6nnen sie <strong>f\u00fcr den Bau von Au\u00dfenw\u00e4nden<\/strong>, <strong>tragenden und nichttragenden Trennw\u00e4nden, Fundamenten von Geb\u00e4uden und Fu\u00dfb\u00f6den, flachen und schr\u00e4gen D\u00e4chern verwenden.<\/strong> Das SE-SIP-Bausystem kann als einzelnes Geb\u00e4udesystem f\u00fcr das gesamte Geb\u00e4ude verwendet werden, oder es l\u00e4sst sich mit einem anderen Bausystem kombinieren.<\/p>\n\t\t<\/div>\n\t\t\t\t\n<style>\n#col-1922172281 > .col-inner {\n  padding: 25px 35px 25px 35px;\n}\n<\/style>\n\t<\/div>\n\n\t\n\n<style>\n#row-574541680 > .col > .col-inner {\n  background-color: rgb(235, 235, 235);\n}\n<\/style>\n<\/div>\n\t\t<\/div>\n\n\t\t\n<style>\n#section_1144530161 {\n  padding-top: 30px;\n  padding-bottom: 30px;\n  margin-bottom: -125px;\n  background-color: rgb(235, 235, 235);\n}\n<\/style>\n\t<\/section>\n\t\n\t<section class=\"section dark has-parallax\" id=\"section_44938049\">\n\t\t<div class=\"bg section-bg fill bg-fill  \" data-parallax-container=\".section\" data-parallax-background data-parallax=\"-2\">\n\n\t\t\t\n\t\t\t<div class=\"section-bg-overlay absolute fill\"><\/div>\n\t\t\t\n\n\t\t<\/div>\n\n\t\t<div class=\"section-content relative\">\n\t\t\t\n<div class=\"row align-equal align-center\"  id=\"row-1710129899\">\n\n\t<div id=\"col-919149590\" class=\"col small-12 large-12\"  >\n\t\t\t\t<div class=\"col-inner text-center\"  >\n\t\t\t\n\t\t\t\n<p class=\"h2\"><strong>M\u00f6chten Sie mehr \u00fcber die Vorteile der Geb\u00e4udeplanung mit SE-SIP erfahren?<\/strong><\/p>\n<a href=\"https:\/\/www.sipeurope.eu\/de\/kontakt\/\" target=\"_self\" class=\"button white\"  style=\"border-radius:99px;\">\n    <span>Kontaktieren Sie uns<\/span>\n  <\/a>\n\n\t\t<\/div>\n\t\t\t\t\n<style>\n#col-919149590 > .col-inner {\n  padding: 50px 0px 0px 0px;\n  margin: 15px 0px -40px 0px;\n}\n<\/style>\n\t<\/div>\n\n\t\n<\/div>\n\t\t<\/div>\n\n\t\t\n<style>\n#section_44938049 {\n  padding-top: 76px;\n  padding-bottom: 76px;\n}\n#section_44938049 .section-bg-overlay {\n  background-color: rgba(36, 180, 92, 0.87);\n}\n#section_44938049 .section-bg.bg-loaded {\n  background-image: url(https:\/\/www.sipeurope.eu\/wp-content\/uploads\/2020\/03\/Technologia-se-sip-sip-europe.jpeg);\n}\n<\/style>\n\t<\/section>\n\t\n\t<section class=\"section\" id=\"section_646385115\">\n\t\t<div class=\"bg section-bg fill bg-fill  bg-loaded\" >\n\n\t\t\t\n\t\t\t\n\t\t\t\n\n\t\t<\/div>\n\n\t\t<div class=\"section-content relative\">\n\t\t\t\n<div class=\"container section-title-container\" style=\"margin-bottom:30px;\"><h4 class=\"section-title section-title-center\"><b><\/b><span class=\"section-title-main\" style=\"font-size:130%;\">ANGEBOTENE DIENSTLEISTUNGEN<\/span><b><\/b><\/h4><\/div>\n<div class=\"row align-center\"  id=\"row-1574961708\">\n\n\t<div id=\"col-384067780\" class=\"col medium-4 small-12 large-4\"  >\n\t\t\t\t<div class=\"col-inner text-center box-shadow-2 box-shadow-3-hover\" style=\"background-color:rgb(255, 255, 255);\" >\n\t\t\t\n\t\t\t\n\t<div class=\"img has-hover x md-x lg-x y md-y lg-y\" id=\"image_348900502\">\n\t\t<a class=\"\" href=\"https:\/\/www.sipeurope.eu\/de\/bauleistungen\/aus-und-weiterbildung\/\"  >\t\t\t\t\t\t<div class=\"img-inner image-zoom image-cover dark\" style=\"padding-top:75%;\">\n\t\t\t<img width=\"300\" height=\"200\" src=\"https:\/\/www.sipeurope.eu\/wp-content\/uploads\/2020\/02\/skolenia-a-vzdelavanie-SIPEUROPE.jpg\" class=\"attachment-large size-large\" alt=\"\u0161kolenie stavba SE SIP panel syst\u00e9m\" loading=\"lazy\" \/>\t\t\t\t\t\t\n\t\t\t\t\t<\/div>\n\t\t\t\t\t\t<\/a>\t\t\n<style>\n#image_348900502 {\n  width: 100%;\n}\n<\/style>\n\t<\/div>\n\t\n<p class=\"lead\" style=\"text-align: center;\"><strong>Aus- und Weiterbildung<\/strong><\/p>\n<a href=\"https:\/\/www.sipeurope.eu\/de\/bauleistungen\/aus-und-weiterbildung\/\" target=\"_self\" class=\"button primary lowercase\"  style=\"border-radius:99px;\">\n    <span>Mehr erfahren<\/span>\n  <\/a>\n\n\t\t<\/div>\n\t\t\t\t\t<\/div>\n\n\t\n\n\t<div id=\"col-488900073\" class=\"col medium-4 small-12 large-4\"  >\n\t\t\t\t<div class=\"col-inner text-center box-shadow-2 box-shadow-3-hover\" style=\"background-color:rgb(255, 255, 255);\" >\n\t\t\t\n\t\t\t\n\t<div class=\"img has-hover x md-x lg-x y md-y lg-y\" id=\"image_226037926\">\n\t\t<a class=\"\" href=\"https:\/\/www.sipeurope.eu\/de\/bauleistungen\/bautaetigkeit\/\"  >\t\t\t\t\t\t<div class=\"img-inner image-zoom image-cover dark\" style=\"padding-top:75%;\">\n\t\t\t<img width=\"300\" height=\"200\" src=\"https:\/\/www.sipeurope.eu\/wp-content\/uploads\/2020\/02\/stavebna-cinnost-SIPEUROPE.jpg\" class=\"attachment-large size-large\" alt=\"rodinn\u00fd dom SE SIP panelov\u00e9 stavby\" loading=\"lazy\" \/>\t\t\t\t\t\t\n\t\t\t\t\t<\/div>\n\t\t\t\t\t\t<\/a>\t\t\n<style>\n#image_226037926 {\n  width: 100%;\n}\n<\/style>\n\t<\/div>\n\t\n<p class=\"lead\" style=\"text-align: center;\"><strong>Baut\u00e4tigkeit<\/strong><\/p>\n<a href=\"https:\/\/www.sipeurope.eu\/de\/bauleistungen\/bautaetigkeit\/\" target=\"_self\" class=\"button primary lowercase\"  style=\"border-radius:99px;\">\n    <span>Mehr erfahren<\/span>\n  <\/a>\n\n\t\t<\/div>\n\t\t\t\t\t<\/div>\n\n\t\n<\/div>\n\t\t<\/div>\n\n\t\t\n<style>\n#section_646385115 {\n  padding-top: 50px;\n  padding-bottom: 50px;\n  background-color: rgb(236, 236, 236);\n}\n<\/style>\n\t<\/section>\n\t\n\t<section class=\"section dark\" id=\"section_1481738465\">\n\t\t<div class=\"bg section-bg fill bg-fill  bg-loaded\" >\n\n\t\t\t\n\t\t\t\n\t\t\t\n\n\t\t<\/div>\n\n\t\t<div class=\"section-content relative\">\n\t\t\t\n\n<div class=\"row\"  id=\"row-707291979\">\n\n\n\t<div id=\"col-1591265441\" class=\"col medium-4 small-12 large-4\"  >\n\t\t\t\t<div class=\"col-inner\"  >\n\t\t\t\n\t\t\t\n\n<div class=\"container section-title-container\" ><h4 class=\"section-title section-title-normal\"><b><\/b><span class=\"section-title-main\" >Kontaktdaten<\/span><b><\/b><\/h4><\/div>\n\n<strong>SIPEUROPE s.r.o<\/strong><\/br>Rastislavova 68\/139<\/br>951 41 Lu\u017eianky<\/br>Tel.: <a href=\"tel:+421911031081\">+421 911 031 081<\/a><\/br>E-mail: <a href=\"mailto:info@sipeurope.eu\">info@sipeurope.eu<\/a><\/br>\n\n\t\t<\/div>\n\t\t\t\t\t<\/div>\n\n\t\n\n\t<div id=\"col-1948336955\" class=\"col medium-4 small-12 large-4\"  >\n\t\t\t\t<div class=\"col-inner\"  >\n\t\t\t\n\t\t\t\n\n<div class=\"container section-title-container\" ><h4 class=\"section-title section-title-normal\"><b><\/b><span class=\"section-title-main\" >Fakturierung<\/span><b><\/b><\/h4><\/div>\n\n<p><strong>I\u010cO: 47 58 90 94<br \/>\nI\u010c DPH: SK 20 23 99 89 22<br \/>\nBANK: Slovensk\u00e1 sporite\u013e\u0148a, a. s.<br \/>\nBIC SWIFT: GIBASKBX<br \/>\nIBAN: SK22 0900 0000 0051 4006 7146<\/strong><\/br><\/p>\n\n\t\t<\/div>\n\t\t\t\t\t<\/div>\n\n\t\n\n\t<div id=\"col-218155855\" class=\"col medium-4 small-12 large-4\"  >\n\t\t\t\t<div class=\"col-inner\"  >\n\t\t\t\n\t\t\t\n\n<div class=\"container section-title-container\" ><h4 class=\"section-title section-title-normal\"><b><\/b><span class=\"section-title-main\" >Folgen Sie uns<\/span><b><\/b><\/h4><\/div>\n\n<div class=\"social-icons follow-icons\" style=\"font-size:128%\"><a href=\"https:\/\/www.facebook.com\/sipeurope.eu\/\" target=\"_blank\" data-label=\"Facebook\" rel=\"noopener noreferrer nofollow\" class=\"icon button circle is-outline facebook tooltip\" title=\"Folge uns auf Facebook\" aria-label=\"Folge uns auf Facebook\"><i class=\"icon-facebook\" ><\/i><\/a><a href=\"https:\/\/www.instagram.com\/sip_europe\/\" target=\"_blank\" rel=\"noopener noreferrer nofollow\" data-label=\"Instagram\" class=\"icon button circle is-outline  instagram tooltip\" title=\"Folge uns auf Instagram\" aria-label=\"Folge uns auf Instagram\"><i class=\"icon-instagram\" ><\/i><\/a><a href=\"https:\/\/sk.pinterest.com\/sipeurope\/\" target=\"_blank\" rel=\"noopener noreferrer nofollow\"  data-label=\"Pinterest\"  class=\"icon button circle is-outline  pinterest tooltip\" title=\"Folge uns auf Pinterest\" aria-label=\"Folge uns auf Pinterest\"><i class=\"icon-pinterest\" ><\/i><\/a><a href=\"https:\/\/www.youtube.com\/channel\/UC1kX_fhlX91CLf3mKmII8dA\" target=\"_blank\" rel=\"noopener noreferrer nofollow\" data-label=\"YouTube\" class=\"icon button circle is-outline  youtube tooltip\" title=\"Folge uns auf Youtube\" aria-label=\"Folge uns auf Youtube\"><i class=\"icon-youtube\" ><\/i><\/a><\/div>\n\n\n\t\t<\/div>\n\t\t\t\t\t<\/div>\n\n\t\n\n<\/div>\n\n\t\t<\/div>\n\n\t\t\n<style>\n#section_1481738465 {\n  padding-top: 30px;\n  padding-bottom: 30px;\n  background-color: #24b45c;\n}\n<\/style>\n\t<\/section>\n\t\n","protected":false},"excerpt":{"rendered":"","protected":false},"author":1,"featured_media":0,"parent":3000,"menu_order":0,"comment_status":"closed","ping_status":"closed","template":"","meta":{"_monsterinsights_skip_tracking":false,"_monsterinsights_sitenote_active":false,"_monsterinsights_sitenote_note":"","_monsterinsights_sitenote_category":0},"yoast_head":"<!-- This site is optimized with the Yoast SEO plugin v16.7 - https:\/\/yoast.com\/wordpress\/plugins\/seo\/ -->\n<title>Vorteile f\u00fcr Architekten - SIP EUROPE<\/title>\n<meta name=\"robots\" content=\"index, follow, max-snippet:-1, max-image-preview:large, max-video-preview:-1\" \/>\n<link rel=\"canonical\" href=\"https:\/\/www.sipeurope.eu\/de\/vorteile-se-sip-bausystem\/vorteile-architekten\/\" \/>\n<meta property=\"og:locale\" content=\"de_DE\" \/>\n<meta property=\"og:type\" content=\"article\" \/>\n<meta property=\"og:title\" content=\"Vorteile f\u00fcr Architekten - SIP EUROPE\" \/>\n<meta property=\"og:url\" content=\"https:\/\/www.sipeurope.eu\/de\/vorteile-se-sip-bausystem\/vorteile-architekten\/\" \/>\n<meta property=\"og:site_name\" content=\"SIP EUROPE\" \/>\n<meta property=\"article:modified_time\" content=\"2020-08-10T15:20:31+00:00\" \/>\n<meta name=\"twitter:card\" content=\"summary_large_image\" \/>\n<meta name=\"twitter:label1\" content=\"Gesch\u00e4tzte Lesezeit\" \/>\n\t<meta name=\"twitter:data1\" content=\"4\u00a0Minuten\" \/>\n<script type=\"application\/ld+json\" class=\"yoast-schema-graph\">{\"@context\":\"https:\/\/schema.org\",\"@graph\":[{\"@type\":\"Organization\",\"@id\":\"https:\/\/www.sipeurope.eu\/en\/#organization\",\"name\":\"SIP EUROPE\",\"url\":\"https:\/\/www.sipeurope.eu\/en\/\",\"sameAs\":[],\"logo\":{\"@type\":\"ImageObject\",\"@id\":\"https:\/\/www.sipeurope.eu\/en\/#logo\",\"inLanguage\":\"de\",\"url\":\"https:\/\/www.sipeurope.eu\/wp-content\/uploads\/2020\/02\/SIP-EUROPE-logo-v01.png\",\"contentUrl\":\"https:\/\/www.sipeurope.eu\/wp-content\/uploads\/2020\/02\/SIP-EUROPE-logo-v01.png\",\"width\":637,\"height\":184,\"caption\":\"SIP EUROPE\"},\"image\":{\"@id\":\"https:\/\/www.sipeurope.eu\/en\/#logo\"}},{\"@type\":\"WebSite\",\"@id\":\"https:\/\/www.sipeurope.eu\/en\/#website\",\"url\":\"https:\/\/www.sipeurope.eu\/en\/\",\"name\":\"SIP EUROPE\",\"description\":\"N\\u00edzkoenergetick\\u00e9 a pas\\u00edvne stavby\",\"publisher\":{\"@id\":\"https:\/\/www.sipeurope.eu\/en\/#organization\"},\"potentialAction\":[{\"@type\":\"SearchAction\",\"target\":{\"@type\":\"EntryPoint\",\"urlTemplate\":\"https:\/\/www.sipeurope.eu\/en\/?s={search_term_string}\"},\"query-input\":\"required name=search_term_string\"}],\"inLanguage\":\"de\"},{\"@type\":\"WebPage\",\"@id\":\"https:\/\/www.sipeurope.eu\/de\/vorteile-se-sip-bausystem\/vorteile-architekten\/#webpage\",\"url\":\"https:\/\/www.sipeurope.eu\/de\/vorteile-se-sip-bausystem\/vorteile-architekten\/\",\"name\":\"Vorteile f\\u00fcr Architekten - SIP EUROPE\",\"isPartOf\":{\"@id\":\"https:\/\/www.sipeurope.eu\/en\/#website\"},\"datePublished\":\"2020-03-10T21:35:26+00:00\",\"dateModified\":\"2020-08-10T15:20:31+00:00\",\"breadcrumb\":{\"@id\":\"https:\/\/www.sipeurope.eu\/de\/vorteile-se-sip-bausystem\/vorteile-architekten\/#breadcrumb\"},\"inLanguage\":\"de\",\"potentialAction\":[{\"@type\":\"ReadAction\",\"target\":[\"https:\/\/www.sipeurope.eu\/de\/vorteile-se-sip-bausystem\/vorteile-architekten\/\"]}]},{\"@type\":\"BreadcrumbList\",\"@id\":\"https:\/\/www.sipeurope.eu\/de\/vorteile-se-sip-bausystem\/vorteile-architekten\/#breadcrumb\",\"itemListElement\":[{\"@type\":\"ListItem\",\"position\":1,\"name\":\"Home\",\"item\":\"https:\/\/www.sipeurope.eu\/de\/\"},{\"@type\":\"ListItem\",\"position\":2,\"name\":\"Vorteile des SE-SIP-Geb\\u00e4udesystems\",\"item\":\"https:\/\/www.sipeurope.eu\/de\/vorteile-se-sip-bausystem\/\"},{\"@type\":\"ListItem\",\"position\":3,\"name\":\"Vorteile f\\u00fcr Architekten\"}]}]}<\/script>\n<!-- \/ Yoast SEO plugin. -->","yoast_head_json":{"title":"Vorteile f\u00fcr Architekten - SIP EUROPE","robots":{"index":"index","follow":"follow","max-snippet":"max-snippet:-1","max-image-preview":"max-image-preview:large","max-video-preview":"max-video-preview:-1"},"canonical":"https:\/\/www.sipeurope.eu\/de\/vorteile-se-sip-bausystem\/vorteile-architekten\/","og_locale":"de_DE","og_type":"article","og_title":"Vorteile f\u00fcr Architekten - SIP EUROPE","og_url":"https:\/\/www.sipeurope.eu\/de\/vorteile-se-sip-bausystem\/vorteile-architekten\/","og_site_name":"SIP EUROPE","article_modified_time":"2020-08-10T15:20:31+00:00","twitter_card":"summary_large_image","twitter_misc":{"Gesch\u00e4tzte Lesezeit":"4\u00a0Minuten"},"schema":{"@context":"https:\/\/schema.org","@graph":[{"@type":"Organization","@id":"https:\/\/www.sipeurope.eu\/en\/#organization","name":"SIP EUROPE","url":"https:\/\/www.sipeurope.eu\/en\/","sameAs":[],"logo":{"@type":"ImageObject","@id":"https:\/\/www.sipeurope.eu\/en\/#logo","inLanguage":"de","url":"https:\/\/www.sipeurope.eu\/wp-content\/uploads\/2020\/02\/SIP-EUROPE-logo-v01.png","contentUrl":"https:\/\/www.sipeurope.eu\/wp-content\/uploads\/2020\/02\/SIP-EUROPE-logo-v01.png","width":637,"height":184,"caption":"SIP EUROPE"},"image":{"@id":"https:\/\/www.sipeurope.eu\/en\/#logo"}},{"@type":"WebSite","@id":"https:\/\/www.sipeurope.eu\/en\/#website","url":"https:\/\/www.sipeurope.eu\/en\/","name":"SIP EUROPE","description":"N\u00edzkoenergetick\u00e9 a pas\u00edvne stavby","publisher":{"@id":"https:\/\/www.sipeurope.eu\/en\/#organization"},"potentialAction":[{"@type":"SearchAction","target":{"@type":"EntryPoint","urlTemplate":"https:\/\/www.sipeurope.eu\/en\/?s={search_term_string}"},"query-input":"required name=search_term_string"}],"inLanguage":"de"},{"@type":"WebPage","@id":"https:\/\/www.sipeurope.eu\/de\/vorteile-se-sip-bausystem\/vorteile-architekten\/#webpage","url":"https:\/\/www.sipeurope.eu\/de\/vorteile-se-sip-bausystem\/vorteile-architekten\/","name":"Vorteile f\u00fcr Architekten - SIP EUROPE","isPartOf":{"@id":"https:\/\/www.sipeurope.eu\/en\/#website"},"datePublished":"2020-03-10T21:35:26+00:00","dateModified":"2020-08-10T15:20:31+00:00","breadcrumb":{"@id":"https:\/\/www.sipeurope.eu\/de\/vorteile-se-sip-bausystem\/vorteile-architekten\/#breadcrumb"},"inLanguage":"de","potentialAction":[{"@type":"ReadAction","target":["https:\/\/www.sipeurope.eu\/de\/vorteile-se-sip-bausystem\/vorteile-architekten\/"]}]},{"@type":"BreadcrumbList","@id":"https:\/\/www.sipeurope.eu\/de\/vorteile-se-sip-bausystem\/vorteile-architekten\/#breadcrumb","itemListElement":[{"@type":"ListItem","position":1,"name":"Home","item":"https:\/\/www.sipeurope.eu\/de\/"},{"@type":"ListItem","position":2,"name":"Vorteile des SE-SIP-Geb\u00e4udesystems","item":"https:\/\/www.sipeurope.eu\/de\/vorteile-se-sip-bausystem\/"},{"@type":"ListItem","position":3,"name":"Vorteile f\u00fcr Architekten"}]}]}},"_links":{"self":[{"href":"https:\/\/www.sipeurope.eu\/de\/wp-json\/wp\/v2\/pages\/3001"}],"collection":[{"href":"https:\/\/www.sipeurope.eu\/de\/wp-json\/wp\/v2\/pages"}],"about":[{"href":"https:\/\/www.sipeurope.eu\/de\/wp-json\/wp\/v2\/types\/page"}],"author":[{"embeddable":true,"href":"https:\/\/www.sipeurope.eu\/de\/wp-json\/wp\/v2\/users\/1"}],"replies":[{"embeddable":true,"href":"https:\/\/www.sipeurope.eu\/de\/wp-json\/wp\/v2\/comments?post=3001"}],"version-history":[{"count":4,"href":"https:\/\/www.sipeurope.eu\/de\/wp-json\/wp\/v2\/pages\/3001\/revisions"}],"predecessor-version":[{"id":3143,"href":"https:\/\/www.sipeurope.eu\/de\/wp-json\/wp\/v2\/pages\/3001\/revisions\/3143"}],"up":[{"embeddable":true,"href":"https:\/\/www.sipeurope.eu\/de\/wp-json\/wp\/v2\/pages\/3000"}],"wp:attachment":[{"href":"https:\/\/www.sipeurope.eu\/de\/wp-json\/wp\/v2\/media?parent=3001"}],"curies":[{"name":"wp","href":"https:\/\/api.w.org\/{rel}","templated":true}]}}