{"id":2437,"date":"2020-03-10T22:35:26","date_gmt":"2020-03-10T21:35:26","guid":{"rendered":"https:\/\/www.sipeurope.eu\/?page_id=2437"},"modified":"2020-07-10T13:08:28","modified_gmt":"2020-07-10T11:08:28","slug":"advantages-for-architects","status":"publish","type":"page","link":"https:\/\/www.sipeurope.eu\/en\/se-sip-system-advantages\/advantages-for-architects\/","title":{"rendered":"Advantages for architects"},"content":{"rendered":"\n  <div class=\"banner has-hover\" id=\"banner-1833290083\">\n          <div class=\"banner-inner fill\">\n        <div class=\"banner-bg fill\" >\n            <div class=\"bg fill bg-fill \"><\/div>\n                        <div class=\"overlay\"><\/div>            \n                    <\/div>\n        <div class=\"banner-layers container\">\n            <div class=\"fill banner-link\"><\/div>            \n   <div id=\"text-box-1058987305\" class=\"text-box banner-layer x50 md-x50 lg-x50 y50 md-y50 lg-y50 res-text\">\n                                <div class=\"text-box-content text dark\">\n              \n              <div class=\"text-inner text-center\">\n                  \n<h1 class=\"uppercase\"><strong>Advantages of the<br \/> SE-SIP Construction System for architects<\/strong><\/h1>\n              <\/div>\n           <\/div>\n                            \n<style>\n#text-box-1058987305 {\n  width: 87%;\n}\n#text-box-1058987305 .text-box-content {\n  font-size: 100%;\n}\n@media (min-width:550px) {\n  #text-box-1058987305 {\n    width: 73%;\n  }\n}\n<\/style>\n    <\/div>\n \n        <\/div>\n      <\/div>\n\n            \n<style>\n#banner-1833290083 {\n  padding-top: 300px;\n}\n#banner-1833290083 .bg.bg-loaded {\n  background-image: url(https:\/\/www.sipeurope.eu\/wp-content\/uploads\/2020\/03\/vyhody-sip-systemu-pre-architektov-1024x463.jpg);\n}\n#banner-1833290083 .overlay {\n  background-color: rgba(0,0,0,.5);\n}\n#banner-1833290083 .bg {\n  background-position: 53% 100%;\n}\n@media (min-width:550px) {\n  #banner-1833290083 {\n    padding-top: 450px;\n  }\n}\n<\/style>\n  <\/div>\n\n\n\t<section class=\"section\" id=\"section_183542818\">\n\t\t<div class=\"bg section-bg fill bg-fill  bg-loaded\" >\n\n\t\t\t\n\t\t\t\n\t\t\t\n\t<div class=\"is-border\"\n\t\tstyle=\"border-width:0px 0px 0px 0px;\">\n\t<\/div>\n\n\t\t<\/div>\n\n\t\t<div class=\"section-content relative\">\n\t\t\t\n<div class=\"row align-middle align-center\"  id=\"row-1392435151\">\n\n\t<div id=\"col-1178594906\" class=\"col small-12 large-12\"  >\n\t\t\t\t<div class=\"col-inner text-center\"  >\n\t\t\t\n\t\t\t\n<p class=\"p1 lead\"><strong>Design Flexibility and Other Advantages of the SE-SIP Construction System<\/strong><\/p>\n<p class=\"p1\">Current legislation and new market requirements demand increasing attention during the designing and planning of buildings. Higher levels of energy efficiency, prevention of thermal bridges, airtightness of the envelope, environmental aspects and many others pose challenges for many traditional construction systems.<\/p>\n\t\t<\/div>\n\t\t\t\t\n<style>\n#col-1178594906 > .col-inner {\n  padding: 0px 0px 0px 0px;\n  margin: 10px 0px -46px 0px;\n}\n<\/style>\n\t<\/div>\n\n\t\n<\/div>\n\t\t<\/div>\n\n\t\t\n<style>\n#section_183542818 {\n  padding-top: 70px;\n  padding-bottom: 70px;\n}\n<\/style>\n\t<\/section>\n\t\n\t<section class=\"section\" id=\"section_773197151\">\n\t\t<div class=\"bg section-bg fill bg-fill  bg-loaded\" >\n\n\t\t\t\n\t\t\t\n\t\t\t\n\n\t\t<\/div>\n\n\t\t<div class=\"section-content relative\">\n\t\t\t\n<div class=\"row\"  id=\"row-1133482577\">\n\n\t<div id=\"col-300365879\" class=\"col small-12 large-12\"  >\n\t\t\t\t<div class=\"col-inner\"  >\n\t\t\t\n\t\t\t\n<p class=\"p1 lead\" style=\"text-align: center;\"><strong>The most innovative architects have always led the way to designing more energy-efficient buildings<\/strong><\/p>\n<p class=\"p1\" style=\"text-align: center;\">Whether you are an architect, a designer of detached houses, a structural engineer, or a designer of larger buildings, new market requirements as well as legislation will push you to design more energy-efficient and intelligent buildings. SIPEUROPE and the <a href=\"https:\/\/www.sipeurope.eu\/en\/se-sip-construction-system\/\">SE-SIP construction system<\/a> can be your solution for <strong>designing net zero energy and passive buildings<\/strong>. Our company cooperates with architects and designers on many projects all over Europe. Our extensive experience and practice in making hundreds of buildings will help you find the best way to design a SE-SIP construction system for your project.<\/p>\n\t\t<\/div>\n\t\t\t\t\t<\/div>\n\n\t\n<\/div>\n<div class=\"row row-small align-equal align-center row-box-shadow-1 row-box-shadow-1-hover\"  id=\"row-977095124\">\n\n\t<div id=\"col-2062083548\" class=\"col medium-6 small-12 large-6\"  >\n\t\t\t\t<div class=\"col-inner\" style=\"background-color:rgb(255,255,255);\" >\n\t\t\t\n\t\t\t\n<h4>Design Flexibility<\/h4>\n<p>The <a href=\"https:\/\/www.sipeurope.eu\/en\/se-sip-construction-system\/\">SE-SIP construction system<\/a> is <strong>designed for<\/strong> <strong>individual and atypical shapes of buildings<\/strong>. The panel structure makes assembling of almost any shape possible. The <strong>panels arrive to the site cut to size<\/strong> and are ready for immediate installation according to the installation plan.<\/p>\n\t\t<\/div>\n\t\t\t\t\n<style>\n#col-2062083548 > .col-inner {\n  padding: 25px 35px 25px 35px;\n}\n<\/style>\n\t<\/div>\n\n\t\n\n\t<div id=\"col-339466973\" class=\"col medium-6 small-12 large-6\"  >\n\t\t\t\t<div class=\"col-inner\" style=\"background-color:rgb(255,255,255);\" >\n\t\t\t\n\t\t\t\n<h4>No Thermal Bridges<\/h4>\n<p>The panel structure of the building, much smaller amount of construction lumber, and the use of &#8220;SIP Spline&#8221; connections significantly <strong>reduce the amount of thermal bridges in the construction<\/strong>. Thanks to using a single SE-SIP construction system, the nightmare of architects is taken care of. They no longer have to consider difficult details in the construction and combinations of different materials.<\/p>\n\t\t<\/div>\n\t\t\t\t\n<style>\n#col-339466973 > .col-inner {\n  padding: 25px 35px 25px 35px;\n}\n<\/style>\n\t<\/div>\n\n\t\n\n\t<div id=\"col-1317630326\" class=\"col medium-6 small-12 large-6\"  >\n\t\t\t\t<div class=\"col-inner\" style=\"background-color:rgb(255,255,255);\" >\n\t\t\t\n\t\t\t\n<h4>Airtight Building Envelope<\/h4>\n<p>One of the most essential factors of buildings to meet strict standards is the airtight building envelope. <strong><a href=\"https:\/\/www.sipeurope.eu\/en\/se-sip-construction-system\/\">Buildings using the SE-SIP construction system<\/a><\/strong> achieve the highest scores in the performed <strong>&#8220;blower door&#8221;<\/strong> airtightness tests. They are designed for modern ventilation systems to achieve greater housing comfort.<\/p>\n\t\t<\/div>\n\t\t\t\t\n<style>\n#col-1317630326 > .col-inner {\n  padding: 25px 35px 25px 35px;\n}\n<\/style>\n\t<\/div>\n\n\t\n\n\t<div id=\"col-1106715066\" class=\"col medium-6 small-12 large-6\"  >\n\t\t\t\t<div class=\"col-inner\" style=\"background-color:rgb(255,255,255);\" >\n\t\t\t\n\t\t\t\n<h4>Variability of Use<\/h4>\n<p>SIP panels are produced in four basic thicknesses, which ensures wide range of their uses. We can use them for the <strong>construction of perimeter walls, interior loadbearing and non-loadbearing partition walls<\/strong>, foundations of buildings and floors, flat and sloping roofs. The SE-SIP construction system can be used as a single building system for the whole building, or we can combine it with another construction system.<\/p>\n\t\t<\/div>\n\t\t\t\t\n<style>\n#col-1106715066 > .col-inner {\n  padding: 25px 35px 25px 35px;\n}\n<\/style>\n\t<\/div>\n\n\t\n\n<style>\n#row-977095124 > .col > .col-inner {\n  background-color: rgb(235, 235, 235);\n}\n<\/style>\n<\/div>\n\t\t<\/div>\n\n\t\t\n<style>\n#section_773197151 {\n  padding-top: 30px;\n  padding-bottom: 30px;\n  margin-bottom: -125px;\n  background-color: rgb(235, 235, 235);\n}\n<\/style>\n\t<\/section>\n\t\n\t<section class=\"section dark has-parallax\" id=\"section_44066690\">\n\t\t<div class=\"bg section-bg fill bg-fill  \" data-parallax-container=\".section\" data-parallax-background data-parallax=\"-2\">\n\n\t\t\t\n\t\t\t<div class=\"section-bg-overlay absolute fill\"><\/div>\n\t\t\t\n\n\t\t<\/div>\n\n\t\t<div class=\"section-content relative\">\n\t\t\t\n<div class=\"row align-equal align-center\"  id=\"row-917708957\">\n\n\t<div id=\"col-2090108192\" class=\"col small-12 large-12\"  >\n\t\t\t\t<div class=\"col-inner text-center\"  >\n\t\t\t\n\t\t\t\n<p class=\"h2\"><span style=\"font-size: 130%;\"><strong>Interested in our activity and want to learn more?<\/strong><\/span><\/p>\n<a href=\"https:\/\/www.sipeurope.eu\/en\/contacts\/\" target=\"_self\" class=\"button white\"  style=\"border-radius:99px;\">\n    <span>Contact us<\/span>\n  <\/a>\n\n\t\t<\/div>\n\t\t\t\t\n<style>\n#col-2090108192 > .col-inner {\n  padding: 50px 0px 0px 0px;\n  margin: 15px 0px -40px 0px;\n}\n<\/style>\n\t<\/div>\n\n\t\n<\/div>\n\t\t<\/div>\n\n\t\t\n<style>\n#section_44066690 {\n  padding-top: 76px;\n  padding-bottom: 76px;\n}\n#section_44066690 .section-bg-overlay {\n  background-color: rgba(36, 180, 92, 0.87);\n}\n#section_44066690 .section-bg.bg-loaded {\n  background-image: url(https:\/\/www.sipeurope.eu\/wp-content\/uploads\/2020\/03\/Technologia-se-sip-sip-europe.jpeg);\n}\n<\/style>\n\t<\/section>\n\t\n\t<section class=\"section\" id=\"section_1196629068\">\n\t\t<div class=\"bg section-bg fill bg-fill  bg-loaded\" >\n\n\t\t\t\n\t\t\t\n\t\t\t\n\n\t\t<\/div>\n\n\t\t<div class=\"section-content relative\">\n\t\t\t\n<div class=\"container section-title-container\" style=\"margin-bottom:30px;\"><h4 class=\"section-title section-title-center\"><b><\/b><span class=\"section-title-main\" style=\"font-size:130%;\">OTHER SERVICES OFFERED<\/span><b><\/b><\/h4><\/div>\n<div class=\"row align-equal align-center\"  id=\"row-892112567\">\n\n\t<div id=\"col-69324841\" class=\"col medium-4 small-12 large-4\"  >\n\t\t\t\t<div class=\"col-inner text-center box-shadow-2 box-shadow-3-hover\" style=\"background-color:rgb(255, 255, 255);\" >\n\t\t\t\n\t\t\t\n\t<div class=\"img has-hover x md-x lg-x y md-y lg-y\" id=\"image_172198481\">\n\t\t<a class=\"\" href=\"https:\/\/www.sipeurope.eu\/en\/construction-services\/training-and-education\/\"  >\t\t\t\t\t\t<div class=\"img-inner image-zoom image-cover dark\" style=\"padding-top:75%;\">\n\t\t\t<img width=\"300\" height=\"200\" src=\"https:\/\/www.sipeurope.eu\/wp-content\/uploads\/2020\/02\/skolenia-a-vzdelavanie-SIPEUROPE.jpg\" class=\"attachment-large size-large\" alt=\"Training and Education SE SIP system\" loading=\"lazy\" \/>\t\t\t\t\t\t\n\t\t\t\t\t<\/div>\n\t\t\t\t\t\t<\/a>\t\t\n<style>\n#image_172198481 {\n  width: 100%;\n}\n<\/style>\n\t<\/div>\n\t\n<p class=\"lead\" style=\"text-align: center;\"><strong>Training and Education<\/strong><\/p>\n<a href=\"https:\/\/www.sipeurope.eu\/en\/construction-services\/training-and-education\/\" target=\"_self\" class=\"button primary lowercase\"  style=\"border-radius:99px;\">\n    <span>Learn more<\/span>\n  <\/a>\n\n\t\t<\/div>\n\t\t\t\t\t<\/div>\n\n\t\n\n\t<div id=\"col-1825968000\" class=\"col medium-4 small-12 large-4\"  >\n\t\t\t\t<div class=\"col-inner text-center box-shadow-2 box-shadow-3-hover\" style=\"background-color:rgb(255, 255, 255);\" >\n\t\t\t\n\t\t\t\n\t<div class=\"img has-hover x md-x lg-x y md-y lg-y\" id=\"image_112454643\">\n\t\t<a class=\"\" href=\"https:\/\/www.sipeurope.eu\/en\/construction-services\/construction\/\"  >\t\t\t\t\t\t<div class=\"img-inner image-zoom image-cover dark\" style=\"padding-top:75%;\">\n\t\t\t<img width=\"300\" height=\"200\" src=\"https:\/\/www.sipeurope.eu\/wp-content\/uploads\/2020\/02\/stavebna-cinnost-SIPEUROPE.jpg\" class=\"attachment-large size-large\" alt=\"Construction-SIPEUROPE\" loading=\"lazy\" \/>\t\t\t\t\t\t\n\t\t\t\t\t<\/div>\n\t\t\t\t\t\t<\/a>\t\t\n<style>\n#image_112454643 {\n  width: 100%;\n}\n<\/style>\n\t<\/div>\n\t\n<p class=\"lead\" style=\"text-align: center;\"><strong>Construction<\/strong><\/p>\n<a href=\"https:\/\/www.sipeurope.eu\/sluzby\/stavebna-cinnost\/\" target=\"_self\" class=\"button primary lowercase\"  style=\"border-radius:99px;\">\n    <span>Zisti\u0165 viac<\/span>\n  <\/a>\n\n\t\t<\/div>\n\t\t\t\t\t<\/div>\n\n\t\n<\/div>\n\t\t<\/div>\n\n\t\t\n<style>\n#section_1196629068 {\n  padding-top: 50px;\n  padding-bottom: 50px;\n  background-color: rgb(236, 236, 236);\n}\n<\/style>\n\t<\/section>\n\t\n\t<section class=\"section dark\" id=\"section_36459995\">\n\t\t<div class=\"bg section-bg fill bg-fill  bg-loaded\" >\n\n\t\t\t\n\t\t\t\n\t\t\t\n\n\t\t<\/div>\n\n\t\t<div class=\"section-content relative\">\n\t\t\t\n\n<div class=\"row\"  id=\"row-1862068857\">\n\n\n\t<div id=\"col-1678190195\" class=\"col medium-4 small-12 large-4\"  >\n\t\t\t\t<div class=\"col-inner\"  >\n\t\t\t\n\t\t\t\n\n<div class=\"container section-title-container\" ><h4 class=\"section-title section-title-normal\"><b><\/b><span class=\"section-title-main\" >Contact Details<\/span><b><\/b><\/h4><\/div>\n\n<strong>SIPEUROPE s.r.o<\/strong><\/br>Rastislavova 68\/139<\/br>951 41 Lu\u017eianky<\/br>Mobile: <a href=\"tel:+421911031081\">+421 911 031 081<\/a><\/br>E-mail: <a href=\"mailto:info@sipeurope.eu\">info@sipeurope.eu<\/a><\/br>\n\n\t\t<\/div>\n\t\t\t\t\t<\/div>\n\n\t\n\n\t<div id=\"col-549789563\" class=\"col medium-4 small-12 large-4\"  >\n\t\t\t\t<div class=\"col-inner\"  >\n\t\t\t\n\t\t\t\n\n<div class=\"container section-title-container\" ><h4 class=\"section-title section-title-normal\"><b><\/b><span class=\"section-title-main\" >Invoicing<\/span><b><\/b><\/h4><\/div>\n\n<strong>ID: 47 58 90 94<\/br>EU VAT: SK 20 23 99 89 22<\/br>BANK: Slovensk\u00e1 sporite\u013e\u0148a, a. s.<\/br>BIC SWIFT: GIBASKBX<\/br>IBAN: SK22 0900 0000 0051 4006 7146<\/strong><\/br>\n\n\t\t<\/div>\n\t\t\t\t\t<\/div>\n\n\t\n\n\t<div id=\"col-53036358\" class=\"col medium-4 small-12 large-4\"  >\n\t\t\t\t<div class=\"col-inner\"  >\n\t\t\t\n\t\t\t\n\n<div class=\"container section-title-container\" ><h4 class=\"section-title section-title-normal\"><b><\/b><span class=\"section-title-main\" >Follow us<\/span><b><\/b><\/h4><\/div>\n\n<div class=\"social-icons follow-icons\" style=\"font-size:128%\"><a href=\"https:\/\/www.facebook.com\/sipeurope.eu\/\" target=\"_blank\" data-label=\"Facebook\" rel=\"noopener noreferrer nofollow\" class=\"icon button circle is-outline facebook tooltip\" title=\"Follow on Facebook\" aria-label=\"Follow on Facebook\"><i class=\"icon-facebook\" ><\/i><\/a><a href=\"https:\/\/www.instagram.com\/sip_europe\/\" target=\"_blank\" rel=\"noopener noreferrer nofollow\" data-label=\"Instagram\" class=\"icon button circle is-outline  instagram tooltip\" title=\"Follow on Instagram\" aria-label=\"Follow on Instagram\"><i class=\"icon-instagram\" ><\/i><\/a><a href=\"https:\/\/sk.pinterest.com\/sipeurope\/\" target=\"_blank\" rel=\"noopener noreferrer nofollow\"  data-label=\"Pinterest\"  class=\"icon button circle is-outline  pinterest tooltip\" title=\"Follow on Pinterest\" aria-label=\"Follow on Pinterest\"><i class=\"icon-pinterest\" ><\/i><\/a><a href=\"https:\/\/www.youtube.com\/channel\/UC1kX_fhlX91CLf3mKmII8dA\" target=\"_blank\" rel=\"noopener noreferrer nofollow\" data-label=\"YouTube\" class=\"icon button circle is-outline  youtube tooltip\" title=\"Follow on YouTube\" aria-label=\"Follow on YouTube\"><i class=\"icon-youtube\" ><\/i><\/a><\/div>\n\n\n\t\t<\/div>\n\t\t\t\t\t<\/div>\n\n\t\n\n<\/div>\n\n\t\t<\/div>\n\n\t\t\n<style>\n#section_36459995 {\n  padding-top: 30px;\n  padding-bottom: 30px;\n  background-color: #24b45c;\n}\n<\/style>\n\t<\/section>\n\t\n","protected":false},"excerpt":{"rendered":"","protected":false},"author":1,"featured_media":0,"parent":2435,"menu_order":0,"comment_status":"closed","ping_status":"closed","template":"","meta":{"_monsterinsights_skip_tracking":false,"_monsterinsights_sitenote_active":false,"_monsterinsights_sitenote_note":"","_monsterinsights_sitenote_category":0},"yoast_head":"<!-- This site is optimized with the Yoast SEO plugin v16.7 - https:\/\/yoast.com\/wordpress\/plugins\/seo\/ -->\n<title>Advantages for architects - SIP EUROPE<\/title>\n<meta name=\"robots\" content=\"index, follow, max-snippet:-1, max-image-preview:large, max-video-preview:-1\" \/>\n<link rel=\"canonical\" href=\"https:\/\/www.sipeurope.eu\/en\/se-sip-system-advantages\/advantages-for-architects\/\" \/>\n<meta property=\"og:locale\" content=\"en_US\" \/>\n<meta property=\"og:type\" content=\"article\" \/>\n<meta property=\"og:title\" content=\"Advantages for architects - SIP EUROPE\" \/>\n<meta property=\"og:url\" content=\"https:\/\/www.sipeurope.eu\/en\/se-sip-system-advantages\/advantages-for-architects\/\" \/>\n<meta property=\"og:site_name\" content=\"SIP EUROPE\" \/>\n<meta property=\"article:modified_time\" content=\"2020-07-10T11:08:28+00:00\" \/>\n<meta name=\"twitter:card\" content=\"summary_large_image\" \/>\n<meta name=\"twitter:label1\" content=\"Est. reading time\" \/>\n\t<meta name=\"twitter:data1\" content=\"4 minutes\" \/>\n<script type=\"application\/ld+json\" class=\"yoast-schema-graph\">{\"@context\":\"https:\/\/schema.org\",\"@graph\":[{\"@type\":\"Organization\",\"@id\":\"https:\/\/www.sipeurope.eu\/en\/#organization\",\"name\":\"SIP EUROPE\",\"url\":\"https:\/\/www.sipeurope.eu\/en\/\",\"sameAs\":[],\"logo\":{\"@type\":\"ImageObject\",\"@id\":\"https:\/\/www.sipeurope.eu\/en\/#logo\",\"inLanguage\":\"en-US\",\"url\":\"https:\/\/www.sipeurope.eu\/wp-content\/uploads\/2020\/02\/SIP-EUROPE-logo-v01.png\",\"contentUrl\":\"https:\/\/www.sipeurope.eu\/wp-content\/uploads\/2020\/02\/SIP-EUROPE-logo-v01.png\",\"width\":637,\"height\":184,\"caption\":\"SIP EUROPE\"},\"image\":{\"@id\":\"https:\/\/www.sipeurope.eu\/en\/#logo\"}},{\"@type\":\"WebSite\",\"@id\":\"https:\/\/www.sipeurope.eu\/en\/#website\",\"url\":\"https:\/\/www.sipeurope.eu\/en\/\",\"name\":\"SIP EUROPE\",\"description\":\"N\\u00edzkoenergetick\\u00e9 a pas\\u00edvne stavby\",\"publisher\":{\"@id\":\"https:\/\/www.sipeurope.eu\/en\/#organization\"},\"potentialAction\":[{\"@type\":\"SearchAction\",\"target\":{\"@type\":\"EntryPoint\",\"urlTemplate\":\"https:\/\/www.sipeurope.eu\/en\/?s={search_term_string}\"},\"query-input\":\"required name=search_term_string\"}],\"inLanguage\":\"en-US\"},{\"@type\":\"WebPage\",\"@id\":\"https:\/\/www.sipeurope.eu\/en\/se-sip-system-advantages\/advantages-for-architects\/#webpage\",\"url\":\"https:\/\/www.sipeurope.eu\/en\/se-sip-system-advantages\/advantages-for-architects\/\",\"name\":\"Advantages for architects - SIP EUROPE\",\"isPartOf\":{\"@id\":\"https:\/\/www.sipeurope.eu\/en\/#website\"},\"datePublished\":\"2020-03-10T21:35:26+00:00\",\"dateModified\":\"2020-07-10T11:08:28+00:00\",\"breadcrumb\":{\"@id\":\"https:\/\/www.sipeurope.eu\/en\/se-sip-system-advantages\/advantages-for-architects\/#breadcrumb\"},\"inLanguage\":\"en-US\",\"potentialAction\":[{\"@type\":\"ReadAction\",\"target\":[\"https:\/\/www.sipeurope.eu\/en\/se-sip-system-advantages\/advantages-for-architects\/\"]}]},{\"@type\":\"BreadcrumbList\",\"@id\":\"https:\/\/www.sipeurope.eu\/en\/se-sip-system-advantages\/advantages-for-architects\/#breadcrumb\",\"itemListElement\":[{\"@type\":\"ListItem\",\"position\":1,\"name\":\"Home\",\"item\":\"https:\/\/www.sipeurope.eu\/en\/\"},{\"@type\":\"ListItem\",\"position\":2,\"name\":\"Advantages of SE-SIP system\",\"item\":\"https:\/\/www.sipeurope.eu\/en\/se-sip-system-advantages\/\"},{\"@type\":\"ListItem\",\"position\":3,\"name\":\"Advantages for architects\"}]}]}<\/script>\n<!-- \/ Yoast SEO plugin. -->","yoast_head_json":{"title":"Advantages for architects - SIP EUROPE","robots":{"index":"index","follow":"follow","max-snippet":"max-snippet:-1","max-image-preview":"max-image-preview:large","max-video-preview":"max-video-preview:-1"},"canonical":"https:\/\/www.sipeurope.eu\/en\/se-sip-system-advantages\/advantages-for-architects\/","og_locale":"en_US","og_type":"article","og_title":"Advantages for architects - SIP EUROPE","og_url":"https:\/\/www.sipeurope.eu\/en\/se-sip-system-advantages\/advantages-for-architects\/","og_site_name":"SIP EUROPE","article_modified_time":"2020-07-10T11:08:28+00:00","twitter_card":"summary_large_image","twitter_misc":{"Est. reading time":"4 minutes"},"schema":{"@context":"https:\/\/schema.org","@graph":[{"@type":"Organization","@id":"https:\/\/www.sipeurope.eu\/en\/#organization","name":"SIP EUROPE","url":"https:\/\/www.sipeurope.eu\/en\/","sameAs":[],"logo":{"@type":"ImageObject","@id":"https:\/\/www.sipeurope.eu\/en\/#logo","inLanguage":"en-US","url":"https:\/\/www.sipeurope.eu\/wp-content\/uploads\/2020\/02\/SIP-EUROPE-logo-v01.png","contentUrl":"https:\/\/www.sipeurope.eu\/wp-content\/uploads\/2020\/02\/SIP-EUROPE-logo-v01.png","width":637,"height":184,"caption":"SIP EUROPE"},"image":{"@id":"https:\/\/www.sipeurope.eu\/en\/#logo"}},{"@type":"WebSite","@id":"https:\/\/www.sipeurope.eu\/en\/#website","url":"https:\/\/www.sipeurope.eu\/en\/","name":"SIP EUROPE","description":"N\u00edzkoenergetick\u00e9 a pas\u00edvne stavby","publisher":{"@id":"https:\/\/www.sipeurope.eu\/en\/#organization"},"potentialAction":[{"@type":"SearchAction","target":{"@type":"EntryPoint","urlTemplate":"https:\/\/www.sipeurope.eu\/en\/?s={search_term_string}"},"query-input":"required name=search_term_string"}],"inLanguage":"en-US"},{"@type":"WebPage","@id":"https:\/\/www.sipeurope.eu\/en\/se-sip-system-advantages\/advantages-for-architects\/#webpage","url":"https:\/\/www.sipeurope.eu\/en\/se-sip-system-advantages\/advantages-for-architects\/","name":"Advantages for architects - SIP EUROPE","isPartOf":{"@id":"https:\/\/www.sipeurope.eu\/en\/#website"},"datePublished":"2020-03-10T21:35:26+00:00","dateModified":"2020-07-10T11:08:28+00:00","breadcrumb":{"@id":"https:\/\/www.sipeurope.eu\/en\/se-sip-system-advantages\/advantages-for-architects\/#breadcrumb"},"inLanguage":"en-US","potentialAction":[{"@type":"ReadAction","target":["https:\/\/www.sipeurope.eu\/en\/se-sip-system-advantages\/advantages-for-architects\/"]}]},{"@type":"BreadcrumbList","@id":"https:\/\/www.sipeurope.eu\/en\/se-sip-system-advantages\/advantages-for-architects\/#breadcrumb","itemListElement":[{"@type":"ListItem","position":1,"name":"Home","item":"https:\/\/www.sipeurope.eu\/en\/"},{"@type":"ListItem","position":2,"name":"Advantages of SE-SIP system","item":"https:\/\/www.sipeurope.eu\/en\/se-sip-system-advantages\/"},{"@type":"ListItem","position":3,"name":"Advantages for architects"}]}]}},"_links":{"self":[{"href":"https:\/\/www.sipeurope.eu\/en\/wp-json\/wp\/v2\/pages\/2437"}],"collection":[{"href":"https:\/\/www.sipeurope.eu\/en\/wp-json\/wp\/v2\/pages"}],"about":[{"href":"https:\/\/www.sipeurope.eu\/en\/wp-json\/wp\/v2\/types\/page"}],"author":[{"embeddable":true,"href":"https:\/\/www.sipeurope.eu\/en\/wp-json\/wp\/v2\/users\/1"}],"replies":[{"embeddable":true,"href":"https:\/\/www.sipeurope.eu\/en\/wp-json\/wp\/v2\/comments?post=2437"}],"version-history":[{"count":6,"href":"https:\/\/www.sipeurope.eu\/en\/wp-json\/wp\/v2\/pages\/2437\/revisions"}],"predecessor-version":[{"id":2593,"href":"https:\/\/www.sipeurope.eu\/en\/wp-json\/wp\/v2\/pages\/2437\/revisions\/2593"}],"up":[{"embeddable":true,"href":"https:\/\/www.sipeurope.eu\/en\/wp-json\/wp\/v2\/pages\/2435"}],"wp:attachment":[{"href":"https:\/\/www.sipeurope.eu\/en\/wp-json\/wp\/v2\/media?parent=2437"}],"curies":[{"name":"wp","href":"https:\/\/api.w.org\/{rel}","templated":true}]}}