{"id":2439,"date":"2020-03-10T22:35:07","date_gmt":"2020-03-10T21:35:07","guid":{"rendered":"https:\/\/www.sipeurope.eu\/?page_id=2439"},"modified":"2020-07-10T13:08:04","modified_gmt":"2020-07-10T11:08:04","slug":"advantages-contractors","status":"publish","type":"page","link":"https:\/\/www.sipeurope.eu\/en\/se-sip-system-advantages\/advantages-contractors\/","title":{"rendered":"Advantages for contractors"},"content":{"rendered":"\n  <div class=\"banner has-hover\" id=\"banner-234969223\">\n          <div class=\"banner-inner fill\">\n        <div class=\"banner-bg fill\" >\n            <div class=\"bg fill bg-fill \"><\/div>\n                        <div class=\"overlay\"><\/div>            \n                    <\/div>\n        <div class=\"banner-layers container\">\n            <div class=\"fill banner-link\"><\/div>            \n   <div id=\"text-box-422972879\" class=\"text-box banner-layer x50 md-x50 lg-x50 y50 md-y50 lg-y50 res-text\">\n                                <div class=\"text-box-content text dark\">\n              \n              <div class=\"text-inner text-center\">\n                  \n<h1 class=\"uppercase\"><strong>Advantages of SE-SIP system for contractors<\/strong><\/h1>\n              <\/div>\n           <\/div>\n                            \n<style>\n#text-box-422972879 {\n  width: 79%;\n}\n#text-box-422972879 .text-box-content {\n  font-size: 100%;\n}\n<\/style>\n    <\/div>\n \n        <\/div>\n      <\/div>\n\n            \n<style>\n#banner-234969223 {\n  padding-top: 300px;\n}\n#banner-234969223 .bg.bg-loaded {\n  background-image: url(https:\/\/www.sipeurope.eu\/wp-content\/uploads\/2020\/03\/vyhody-stavebneho-systemu-sip-pre-developerov-01-1024x463.jpg);\n}\n#banner-234969223 .overlay {\n  background-color: rgba(0,0,0,.5);\n}\n#banner-234969223 .bg {\n  background-position: 33% 34%;\n}\n@media (min-width:550px) {\n  #banner-234969223 {\n    padding-top: 450px;\n  }\n}\n<\/style>\n  <\/div>\n\n\n\t<section class=\"section\" id=\"section_541921730\">\n\t\t<div class=\"bg section-bg fill bg-fill  bg-loaded\" >\n\n\t\t\t\n\t\t\t\n\t\t\t\n\t<div class=\"is-border\"\n\t\tstyle=\"border-width:0px 0px 0px 0px;\">\n\t<\/div>\n\n\t\t<\/div>\n\n\t\t<div class=\"section-content relative\">\n\t\t\t\n<div class=\"row align-middle align-center\"  id=\"row-1164470109\">\n\n\t<div id=\"col-1373823191\" class=\"col small-12 large-12\"  >\n\t\t\t\t<div class=\"col-inner text-center\"  >\n\t\t\t\n\t\t\t\n<p class=\"p1 lead\"><strong>Main advantages of construction using the SE-SIP construction system<\/strong><\/p>\n<p class=\"p1\">Are you a construction company that focused on conventional brick constructions, or a group of carpenters looking for an opportunity to provide your customers with an alternative in the form of <strong>net zero energy and passive prefabricated buildings<\/strong>? The <a href=\"https:\/\/www.sipeurope.eu\/en\/se-sip-construction-system\/\">SE-SIP construction system<\/a> is your solution. SIPEUROPE is happy to partner with you in providing quality supplies of the <strong>certified SE-SIP construction system<\/strong>, design as well as education and training services. The SE-SIP construction system will help you solve any project, whether it is a detached house, apartment building or commercial building.<\/p>\n\t\t<\/div>\n\t\t\t\t\n<style>\n#col-1373823191 > .col-inner {\n  padding: 0px 0px 0px 0px;\n  margin: 10px 0px -46px 0px;\n}\n<\/style>\n\t<\/div>\n\n\t\n<\/div>\n\t\t<\/div>\n\n\t\t\n<style>\n#section_541921730 {\n  padding-top: 36px;\n  padding-bottom: 36px;\n}\n<\/style>\n\t<\/section>\n\t\n\t<section class=\"section\" id=\"section_1467425501\">\n\t\t<div class=\"bg section-bg fill bg-fill  bg-loaded\" >\n\n\t\t\t\n\t\t\t\n\t\t\t\n\n\t\t<\/div>\n\n\t\t<div class=\"section-content relative\">\n\t\t\t\n<div class=\"row row-small align-equal align-center row-box-shadow-1 row-box-shadow-1-hover\"  id=\"row-5268442\">\n\n\t<div id=\"col-585427151\" class=\"col small-12 large-12\"  >\n\t\t\t\t<div class=\"col-inner\"  >\n\t\t\t\n\t\t\t\n<h4>Unbeatable Construction Speed<\/h4>\n<p>Whether in the form of <a href=\"https:\/\/www.sipeurope.eu\/en\/se-sip-construction-system\/using-sip-system\/sip-panel-buildings\/\"><strong>i<\/strong>ndividual construction<\/a> or <a href=\"https:\/\/www.sipeurope.eu\/en\/se-sip-construction-system\/using-sip-system\/prefabricated-buildings\/\">prefabricated houses made of SE-SIP panels<\/a>, the construction is many times higher than conventional brick constructions, which need countless wet construction methods. The construction made of SE-SIP panels is a dry construction process that can be carried out at any time of year. <strong>The speed of construction<\/strong> significantly reduces the time spent on installation as well as other related items such as time for accommodation of workers, rental of scaffolding or construction machinery. This significantly reduces the costs of construction.<\/p>\n\t\t<\/div>\n\t\t\t\t\n<style>\n#col-585427151 > .col-inner {\n  padding: 25px 35px 25px 35px;\n}\n<\/style>\n\t<\/div>\n\n\t\n\n\t<div id=\"col-1540882678\" class=\"col small-12 large-12\"  >\n\t\t\t\t<div class=\"col-inner\"  >\n\t\t\t\n\t\t\t\n<h4>Thermal Insulation Properties<\/h4>\n<p>Despite smaller thickness, panels provide <strong>excellent thermal insulation properties<\/strong>. This provides more usable area and <strong>reduces heating costs by up to 50%<\/strong> compared to conventional construction systems. The insulating core is stable and does not disrupt even after decades. Buildings made of SE-SIP panels provide thermal resistance of perimeter walls and roof structures R=6,5 m2. K\/W and more. Such buildings fall into the category of low-energy or passive buildings. They provide the necessary thermal comfort during the winter season and keep the building cool during the summer.<\/p>\n\t\t<\/div>\n\t\t\t\t\n<style>\n#col-1540882678 > .col-inner {\n  padding: 25px 35px 25px 35px;\n}\n<\/style>\n\t<\/div>\n\n\t\n\n\t<div id=\"col-1115337042\" class=\"col small-12 large-12\"  >\n\t\t\t\t<div class=\"col-inner\"  >\n\t\t\t\n\t\t\t\n<h4>No Need for Construction Machinery<\/h4>\n<p>In the case of construction from <a href=\"https:\/\/www.sipeurope.eu\/en\/se-sip-construction-system\/se-sip-technology\/\">individual SE-SIP panels<\/a>, there is no need to use construction mechanization on the construction site. The panel weighs approximately 70kg, so it can be <strong>easily handled by two assembly workers<\/strong>. The construction can be carried out even in difficult-to-reach terrain or inaccessible areas where it is not possible to use construction machinery or a crane.<\/p>\n\t\t<\/div>\n\t\t\t\t\n<style>\n#col-1115337042 > .col-inner {\n  padding: 25px 35px 25px 35px;\n}\n<\/style>\n\t<\/div>\n\n\t\n\n\t<div id=\"col-326691021\" class=\"col small-12 large-12\"  >\n\t\t\t\t<div class=\"col-inner\"  >\n\t\t\t\n\t\t\t\n<h4>Construction System without Subcontracting<\/h4>\n<p><a href=\"https:\/\/www.sipeurope.eu\/en\/about-sip-europe\/\">SIPEUROPE<\/a> provides the supply of a complete construction system, including all necessary materials needed for the construction of a rough-in, such as structural timber KVH, BSH, CLT panels, carpentry fittings and fasteners. We supply a complete system to construction companies and it is not necessary to interrupt the construction due to subcontracting management.<\/p>\n\t\t<\/div>\n\t\t\t\t\n<style>\n#col-326691021 > .col-inner {\n  padding: 25px 35px 25px 35px;\n}\n<\/style>\n\t<\/div>\n\n\t\n\n\t<div id=\"col-1042053217\" class=\"col small-12 large-12\"  >\n\t\t\t\t<div class=\"col-inner\"  >\n\t\t\t\n\t\t\t\n<h4>Minimal Construction Waste<\/h4>\n<p>The amount of construction waste, its removal and price are a significant item in the construction of conventional brick structures. The <a href=\"https:\/\/www.sipeurope.eu\/en\/se-sip-construction-system\/using-sip-system\/prefabricated-buildings\/\"><strong>prefabricated SE-SIP construction system<\/strong><\/a> is made to measure in the production hall. This significantly reduces the amount of construction waste for which you will only need a few construction bags instead of several containers.<\/p>\n\t\t<\/div>\n\t\t\t\t\n<style>\n#col-1042053217 > .col-inner {\n  padding: 25px 35px 25px 35px;\n}\n<\/style>\n\t<\/div>\n\n\t\n\n\t<div id=\"col-788719191\" class=\"col small-12 large-12\"  >\n\t\t\t\t<div class=\"col-inner\"  >\n\t\t\t\n\t\t\t\n<h4>Certified Construction System and Guarantees<\/h4>\n<p>SIPEUROPE and the <a href=\"https:\/\/www.sipeurope.eu\/en\/se-sip-construction-system\/\">SE-SIP construction system<\/a> are the holder of the <strong>European Technical Assessment ETA 18\/0312<\/strong>. The manufacturing process is subject to regular inspection by a notified body. Our company provides a <strong>50-year certified warranty for the construction system.<\/strong><\/p>\n\t\t<\/div>\n\t\t\t\t\n<style>\n#col-788719191 > .col-inner {\n  padding: 25px 35px 25px 35px;\n}\n<\/style>\n\t<\/div>\n\n\t\n\n\t<div id=\"col-249671811\" class=\"col small-12 large-12\"  >\n\t\t\t\t<div class=\"col-inner\"  >\n\t\t\t\n\t\t\t\n<h4>Less Skilled Work<\/h4>\n<p>The training of assembly workers is mostly completed during their first project. <strong>A group of three assembly workers<\/strong> is sufficient for the installation of the <a href=\"https:\/\/www.sipeurope.eu\/en\/se-sip-construction-system\/\">SE-SIP construction system<\/a>. After <a href=\"https:\/\/www.sipeurope.eu\/en\/construction-services\/training-and-education\/\">training and receiving a certificate<\/a>, the assembly group is able to implement its next project independently.<\/p>\n\t\t<\/div>\n\t\t\t\t\n<style>\n#col-249671811 > .col-inner {\n  padding: 25px 35px 25px 35px;\n}\n<\/style>\n\t<\/div>\n\n\t\n\n\t<div id=\"col-2065724148\" class=\"col small-12 large-12\"  >\n\t\t\t\t<div class=\"col-inner\"  >\n\t\t\t\n\t\t\t\n<h4>Environmental Aspects<\/h4>\n<p>The SE-SIP construction system is classified as a <a href=\"https:\/\/www.sipeurope.eu\/en\/se-sip-construction-system\/se-sip-technology\/\"><strong>wooden structure<\/strong><\/a>, so the overall process of manufacturing, construction as well as the possibility of recycling materials significantly reduce CO2 production.<\/p>\n\t\t<\/div>\n\t\t\t\t\n<style>\n#col-2065724148 > .col-inner {\n  padding: 25px 35px 25px 35px;\n}\n<\/style>\n\t<\/div>\n\n\t\n\n<style>\n#row-5268442 > .col > .col-inner {\n  background-color: rgb(235, 235, 235);\n}\n<\/style>\n<\/div>\n\t\t<\/div>\n\n\t\t\n<style>\n#section_1467425501 {\n  padding-top: 30px;\n  padding-bottom: 30px;\n  margin-bottom: -125px;\n}\n<\/style>\n\t<\/section>\n\t\n\t<section class=\"section dark has-parallax\" id=\"section_351702525\">\n\t\t<div class=\"bg section-bg fill bg-fill  \" data-parallax-container=\".section\" data-parallax-background data-parallax=\"-2\">\n\n\t\t\t\n\t\t\t<div class=\"section-bg-overlay absolute fill\"><\/div>\n\t\t\t\n\n\t\t<\/div>\n\n\t\t<div class=\"section-content relative\">\n\t\t\t\n<div class=\"row align-equal align-center\"  id=\"row-1926300367\">\n\n\t<div id=\"col-1661054081\" class=\"col small-12 large-12\"  >\n\t\t\t\t<div class=\"col-inner text-center\"  >\n\t\t\t\n\t\t\t\n<h2 class=\"lead\"><span style=\"font-size: 120%;\"><strong>Interested in training? <\/strong><\/span><\/h2>\n<p class=\"lead\">Our company provides full technical support for construction companies as well as training and educational services. We provide training for cnstruction workers and assembly groups throughout the EU. After training the assembly workers, the company will receive a certificate of training.<\/p>\n<a href=\"https:\/\/www.sipeurope.eu\/en\/contacts\/\" target=\"_self\" class=\"button white\"  style=\"border-radius:99px;\">\n    <span>Contact us<\/span>\n  <\/a>\n\n\t\t<\/div>\n\t\t\t\t\n<style>\n#col-1661054081 > .col-inner {\n  padding: 50px 0px 0px 0px;\n  margin: 15px 0px -40px 0px;\n}\n<\/style>\n\t<\/div>\n\n\t\n<\/div>\n\t\t<\/div>\n\n\t\t\n<style>\n#section_351702525 {\n  padding-top: 76px;\n  padding-bottom: 76px;\n}\n#section_351702525 .section-bg-overlay {\n  background-color: rgba(36, 180, 92, 0.87);\n}\n#section_351702525 .section-bg.bg-loaded {\n  background-image: url(https:\/\/www.sipeurope.eu\/wp-content\/uploads\/2020\/03\/Technologia-se-sip-sip-europe.jpeg);\n}\n<\/style>\n\t<\/section>\n\t\n\t<section class=\"section\" id=\"section_361802240\">\n\t\t<div class=\"bg section-bg fill bg-fill  bg-loaded\" >\n\n\t\t\t\n\t\t\t\n\t\t\t\n\n\t\t<\/div>\n\n\t\t<div class=\"section-content relative\">\n\t\t\t\n<div class=\"container section-title-container\" style=\"margin-bottom:30px;\"><h4 class=\"section-title section-title-center\"><b><\/b><span class=\"section-title-main\" style=\"font-size:130%;\">OTHER SERVICES OFFERED<\/span><b><\/b><\/h4><\/div>\n<div class=\"row align-equal align-center\"  id=\"row-302701412\">\n\n\t<div id=\"col-346404102\" class=\"col medium-4 small-12 large-4\"  >\n\t\t\t\t<div class=\"col-inner text-center box-shadow-2 box-shadow-3-hover\" style=\"background-color:rgb(255, 255, 255);\" >\n\t\t\t\n\t\t\t\n\t<div class=\"img has-hover x md-x lg-x y md-y lg-y\" id=\"image_578941595\">\n\t\t<a class=\"\" href=\"https:\/\/www.sipeurope.eu\/en\/construction-services\/training-and-education\/\"  >\t\t\t\t\t\t<div class=\"img-inner image-zoom image-cover dark\" style=\"padding-top:75%;\">\n\t\t\t<img width=\"300\" height=\"200\" src=\"https:\/\/www.sipeurope.eu\/wp-content\/uploads\/2020\/02\/skolenia-a-vzdelavanie-SIPEUROPE.jpg\" class=\"attachment-large size-large\" alt=\"Training and Education SE SIP system\" loading=\"lazy\" \/>\t\t\t\t\t\t\n\t\t\t\t\t<\/div>\n\t\t\t\t\t\t<\/a>\t\t\n<style>\n#image_578941595 {\n  width: 100%;\n}\n<\/style>\n\t<\/div>\n\t\n<p class=\"lead\" style=\"text-align: center;\"><strong>Training and Education<\/strong><\/p>\n<a href=\"https:\/\/www.sipeurope.eu\/en\/construction-services\/training-and-education\/\" target=\"_self\" class=\"button primary lowercase\"  style=\"border-radius:99px;\">\n    <span>Learn more<\/span>\n  <\/a>\n\n\t\t<\/div>\n\t\t\t\t\t<\/div>\n\n\t\n\n\t<div id=\"col-894475088\" class=\"col medium-4 small-12 large-4\"  >\n\t\t\t\t<div class=\"col-inner text-center box-shadow-2 box-shadow-3-hover\" style=\"background-color:rgb(255, 255, 255);\" >\n\t\t\t\n\t\t\t\n\t<div class=\"img has-hover x md-x lg-x y md-y lg-y\" id=\"image_132440927\">\n\t\t<a class=\"\" href=\"https:\/\/www.sipeurope.eu\/en\/construction-services\/engineering\/\"  >\t\t\t\t\t\t<div class=\"img-inner image-zoom image-cover dark\" style=\"padding-top:75%;\">\n\t\t\t<img width=\"300\" height=\"200\" src=\"https:\/\/www.sipeurope.eu\/wp-content\/uploads\/2020\/02\/Inzinierska-cinnost-projekcia-stavieb-SIPEUROPE.jpg\" class=\"attachment-large size-large\" alt=\"Engineering projection of buildings SE SIP system\" loading=\"lazy\" \/>\t\t\t\t\t\t\n\t\t\t\t\t<\/div>\n\t\t\t\t\t\t<\/a>\t\t\n<style>\n#image_132440927 {\n  width: 100%;\n}\n<\/style>\n\t<\/div>\n\t\n<p class=\"lead\" style=\"text-align: center;\"><strong>Engineering<\/strong><\/p>\n<a href=\"https:\/\/www.sipeurope.eu\/en\/construction-services\/engineering\/\" target=\"_self\" class=\"button primary lowercase\"  style=\"border-radius:99px;\">\n    <span>Learn more<\/span>\n  <\/a>\n\n\t\t<\/div>\n\t\t\t\t\t<\/div>\n\n\t\n<\/div>\n\t\t<\/div>\n\n\t\t\n<style>\n#section_361802240 {\n  padding-top: 50px;\n  padding-bottom: 50px;\n  background-color: rgb(236, 236, 236);\n}\n<\/style>\n\t<\/section>\n\t\n\t<section class=\"section dark\" id=\"section_185718837\">\n\t\t<div class=\"bg section-bg fill bg-fill  bg-loaded\" >\n\n\t\t\t\n\t\t\t\n\t\t\t\n\n\t\t<\/div>\n\n\t\t<div class=\"section-content relative\">\n\t\t\t\n\n<div class=\"row\"  id=\"row-1354260874\">\n\n\n\t<div id=\"col-272948038\" class=\"col medium-4 small-12 large-4\"  >\n\t\t\t\t<div class=\"col-inner\"  >\n\t\t\t\n\t\t\t\n\n<div class=\"container section-title-container\" ><h4 class=\"section-title section-title-normal\"><b><\/b><span class=\"section-title-main\" >Contact Details<\/span><b><\/b><\/h4><\/div>\n\n<strong>SIPEUROPE s.r.o<\/strong><\/br>Rastislavova 68\/139<\/br>951 41 Lu\u017eianky<\/br>Mobile: <a href=\"tel:+421911031081\">+421 911 031 081<\/a><\/br>E-mail: <a href=\"mailto:info@sipeurope.eu\">info@sipeurope.eu<\/a><\/br>\n\n\t\t<\/div>\n\t\t\t\t\t<\/div>\n\n\t\n\n\t<div id=\"col-404966375\" class=\"col medium-4 small-12 large-4\"  >\n\t\t\t\t<div class=\"col-inner\"  >\n\t\t\t\n\t\t\t\n\n<div class=\"container section-title-container\" ><h4 class=\"section-title section-title-normal\"><b><\/b><span class=\"section-title-main\" >Invoicing<\/span><b><\/b><\/h4><\/div>\n\n<strong>ID: 47 58 90 94<\/br>EU VAT: SK 20 23 99 89 22<\/br>BANK: Slovensk\u00e1 sporite\u013e\u0148a, a. s.<\/br>BIC SWIFT: GIBASKBX<\/br>IBAN: SK22 0900 0000 0051 4006 7146<\/strong><\/br>\n\n\t\t<\/div>\n\t\t\t\t\t<\/div>\n\n\t\n\n\t<div id=\"col-508545615\" class=\"col medium-4 small-12 large-4\"  >\n\t\t\t\t<div class=\"col-inner\"  >\n\t\t\t\n\t\t\t\n\n<div class=\"container section-title-container\" ><h4 class=\"section-title section-title-normal\"><b><\/b><span class=\"section-title-main\" >Follow us<\/span><b><\/b><\/h4><\/div>\n\n<div class=\"social-icons follow-icons\" style=\"font-size:128%\"><a href=\"https:\/\/www.facebook.com\/sipeurope.eu\/\" target=\"_blank\" data-label=\"Facebook\" rel=\"noopener noreferrer nofollow\" class=\"icon button circle is-outline facebook tooltip\" title=\"Follow on Facebook\" aria-label=\"Follow on Facebook\"><i class=\"icon-facebook\" ><\/i><\/a><a href=\"https:\/\/www.instagram.com\/sip_europe\/\" target=\"_blank\" rel=\"noopener noreferrer nofollow\" data-label=\"Instagram\" class=\"icon button circle is-outline  instagram tooltip\" title=\"Follow on Instagram\" aria-label=\"Follow on Instagram\"><i class=\"icon-instagram\" ><\/i><\/a><a href=\"https:\/\/sk.pinterest.com\/sipeurope\/\" target=\"_blank\" rel=\"noopener noreferrer nofollow\"  data-label=\"Pinterest\"  class=\"icon button circle is-outline  pinterest tooltip\" title=\"Follow on Pinterest\" aria-label=\"Follow on Pinterest\"><i class=\"icon-pinterest\" ><\/i><\/a><a href=\"https:\/\/www.youtube.com\/channel\/UC1kX_fhlX91CLf3mKmII8dA\" target=\"_blank\" rel=\"noopener noreferrer nofollow\" data-label=\"YouTube\" class=\"icon button circle is-outline  youtube tooltip\" title=\"Follow on YouTube\" aria-label=\"Follow on YouTube\"><i class=\"icon-youtube\" ><\/i><\/a><\/div>\n\n\n\t\t<\/div>\n\t\t\t\t\t<\/div>\n\n\t\n\n<\/div>\n\n\t\t<\/div>\n\n\t\t\n<style>\n#section_185718837 {\n  padding-top: 30px;\n  padding-bottom: 30px;\n  background-color: #24b45c;\n}\n<\/style>\n\t<\/section>\n\t\n","protected":false},"excerpt":{"rendered":"","protected":false},"author":1,"featured_media":0,"parent":2435,"menu_order":0,"comment_status":"closed","ping_status":"closed","template":"","meta":{"_monsterinsights_skip_tracking":false,"_monsterinsights_sitenote_active":false,"_monsterinsights_sitenote_note":"","_monsterinsights_sitenote_category":0},"yoast_head":"<!-- This site is optimized with the Yoast SEO plugin v16.7 - https:\/\/yoast.com\/wordpress\/plugins\/seo\/ -->\n<title>Advantages for contractors - SIP EUROPE<\/title>\n<meta name=\"robots\" content=\"index, follow, max-snippet:-1, max-image-preview:large, max-video-preview:-1\" \/>\n<link rel=\"canonical\" href=\"https:\/\/www.sipeurope.eu\/en\/se-sip-system-advantages\/advantages-contractors\/\" \/>\n<meta property=\"og:locale\" content=\"en_US\" \/>\n<meta property=\"og:type\" content=\"article\" \/>\n<meta property=\"og:title\" content=\"Advantages for contractors - SIP EUROPE\" \/>\n<meta property=\"og:url\" content=\"https:\/\/www.sipeurope.eu\/en\/se-sip-system-advantages\/advantages-contractors\/\" \/>\n<meta property=\"og:site_name\" content=\"SIP EUROPE\" \/>\n<meta property=\"article:modified_time\" content=\"2020-07-10T11:08:04+00:00\" \/>\n<meta name=\"twitter:card\" content=\"summary_large_image\" \/>\n<meta name=\"twitter:label1\" content=\"Est. reading time\" \/>\n\t<meta name=\"twitter:data1\" content=\"5 minutes\" \/>\n<script type=\"application\/ld+json\" class=\"yoast-schema-graph\">{\"@context\":\"https:\/\/schema.org\",\"@graph\":[{\"@type\":\"Organization\",\"@id\":\"https:\/\/www.sipeurope.eu\/en\/#organization\",\"name\":\"SIP EUROPE\",\"url\":\"https:\/\/www.sipeurope.eu\/en\/\",\"sameAs\":[],\"logo\":{\"@type\":\"ImageObject\",\"@id\":\"https:\/\/www.sipeurope.eu\/en\/#logo\",\"inLanguage\":\"en-US\",\"url\":\"https:\/\/www.sipeurope.eu\/wp-content\/uploads\/2020\/02\/SIP-EUROPE-logo-v01.png\",\"contentUrl\":\"https:\/\/www.sipeurope.eu\/wp-content\/uploads\/2020\/02\/SIP-EUROPE-logo-v01.png\",\"width\":637,\"height\":184,\"caption\":\"SIP EUROPE\"},\"image\":{\"@id\":\"https:\/\/www.sipeurope.eu\/en\/#logo\"}},{\"@type\":\"WebSite\",\"@id\":\"https:\/\/www.sipeurope.eu\/en\/#website\",\"url\":\"https:\/\/www.sipeurope.eu\/en\/\",\"name\":\"SIP EUROPE\",\"description\":\"N\\u00edzkoenergetick\\u00e9 a pas\\u00edvne stavby\",\"publisher\":{\"@id\":\"https:\/\/www.sipeurope.eu\/en\/#organization\"},\"potentialAction\":[{\"@type\":\"SearchAction\",\"target\":{\"@type\":\"EntryPoint\",\"urlTemplate\":\"https:\/\/www.sipeurope.eu\/en\/?s={search_term_string}\"},\"query-input\":\"required name=search_term_string\"}],\"inLanguage\":\"en-US\"},{\"@type\":\"WebPage\",\"@id\":\"https:\/\/www.sipeurope.eu\/en\/se-sip-system-advantages\/advantages-contractors\/#webpage\",\"url\":\"https:\/\/www.sipeurope.eu\/en\/se-sip-system-advantages\/advantages-contractors\/\",\"name\":\"Advantages for contractors - SIP EUROPE\",\"isPartOf\":{\"@id\":\"https:\/\/www.sipeurope.eu\/en\/#website\"},\"datePublished\":\"2020-03-10T21:35:07+00:00\",\"dateModified\":\"2020-07-10T11:08:04+00:00\",\"breadcrumb\":{\"@id\":\"https:\/\/www.sipeurope.eu\/en\/se-sip-system-advantages\/advantages-contractors\/#breadcrumb\"},\"inLanguage\":\"en-US\",\"potentialAction\":[{\"@type\":\"ReadAction\",\"target\":[\"https:\/\/www.sipeurope.eu\/en\/se-sip-system-advantages\/advantages-contractors\/\"]}]},{\"@type\":\"BreadcrumbList\",\"@id\":\"https:\/\/www.sipeurope.eu\/en\/se-sip-system-advantages\/advantages-contractors\/#breadcrumb\",\"itemListElement\":[{\"@type\":\"ListItem\",\"position\":1,\"name\":\"Home\",\"item\":\"https:\/\/www.sipeurope.eu\/en\/\"},{\"@type\":\"ListItem\",\"position\":2,\"name\":\"Advantages of SE-SIP system\",\"item\":\"https:\/\/www.sipeurope.eu\/en\/se-sip-system-advantages\/\"},{\"@type\":\"ListItem\",\"position\":3,\"name\":\"Advantages for contractors\"}]}]}<\/script>\n<!-- \/ Yoast SEO plugin. -->","yoast_head_json":{"title":"Advantages for contractors - SIP EUROPE","robots":{"index":"index","follow":"follow","max-snippet":"max-snippet:-1","max-image-preview":"max-image-preview:large","max-video-preview":"max-video-preview:-1"},"canonical":"https:\/\/www.sipeurope.eu\/en\/se-sip-system-advantages\/advantages-contractors\/","og_locale":"en_US","og_type":"article","og_title":"Advantages for contractors - SIP EUROPE","og_url":"https:\/\/www.sipeurope.eu\/en\/se-sip-system-advantages\/advantages-contractors\/","og_site_name":"SIP EUROPE","article_modified_time":"2020-07-10T11:08:04+00:00","twitter_card":"summary_large_image","twitter_misc":{"Est. reading time":"5 minutes"},"schema":{"@context":"https:\/\/schema.org","@graph":[{"@type":"Organization","@id":"https:\/\/www.sipeurope.eu\/en\/#organization","name":"SIP EUROPE","url":"https:\/\/www.sipeurope.eu\/en\/","sameAs":[],"logo":{"@type":"ImageObject","@id":"https:\/\/www.sipeurope.eu\/en\/#logo","inLanguage":"en-US","url":"https:\/\/www.sipeurope.eu\/wp-content\/uploads\/2020\/02\/SIP-EUROPE-logo-v01.png","contentUrl":"https:\/\/www.sipeurope.eu\/wp-content\/uploads\/2020\/02\/SIP-EUROPE-logo-v01.png","width":637,"height":184,"caption":"SIP EUROPE"},"image":{"@id":"https:\/\/www.sipeurope.eu\/en\/#logo"}},{"@type":"WebSite","@id":"https:\/\/www.sipeurope.eu\/en\/#website","url":"https:\/\/www.sipeurope.eu\/en\/","name":"SIP EUROPE","description":"N\u00edzkoenergetick\u00e9 a pas\u00edvne stavby","publisher":{"@id":"https:\/\/www.sipeurope.eu\/en\/#organization"},"potentialAction":[{"@type":"SearchAction","target":{"@type":"EntryPoint","urlTemplate":"https:\/\/www.sipeurope.eu\/en\/?s={search_term_string}"},"query-input":"required name=search_term_string"}],"inLanguage":"en-US"},{"@type":"WebPage","@id":"https:\/\/www.sipeurope.eu\/en\/se-sip-system-advantages\/advantages-contractors\/#webpage","url":"https:\/\/www.sipeurope.eu\/en\/se-sip-system-advantages\/advantages-contractors\/","name":"Advantages for contractors - SIP EUROPE","isPartOf":{"@id":"https:\/\/www.sipeurope.eu\/en\/#website"},"datePublished":"2020-03-10T21:35:07+00:00","dateModified":"2020-07-10T11:08:04+00:00","breadcrumb":{"@id":"https:\/\/www.sipeurope.eu\/en\/se-sip-system-advantages\/advantages-contractors\/#breadcrumb"},"inLanguage":"en-US","potentialAction":[{"@type":"ReadAction","target":["https:\/\/www.sipeurope.eu\/en\/se-sip-system-advantages\/advantages-contractors\/"]}]},{"@type":"BreadcrumbList","@id":"https:\/\/www.sipeurope.eu\/en\/se-sip-system-advantages\/advantages-contractors\/#breadcrumb","itemListElement":[{"@type":"ListItem","position":1,"name":"Home","item":"https:\/\/www.sipeurope.eu\/en\/"},{"@type":"ListItem","position":2,"name":"Advantages of SE-SIP system","item":"https:\/\/www.sipeurope.eu\/en\/se-sip-system-advantages\/"},{"@type":"ListItem","position":3,"name":"Advantages for contractors"}]}]}},"_links":{"self":[{"href":"https:\/\/www.sipeurope.eu\/en\/wp-json\/wp\/v2\/pages\/2439"}],"collection":[{"href":"https:\/\/www.sipeurope.eu\/en\/wp-json\/wp\/v2\/pages"}],"about":[{"href":"https:\/\/www.sipeurope.eu\/en\/wp-json\/wp\/v2\/types\/page"}],"author":[{"embeddable":true,"href":"https:\/\/www.sipeurope.eu\/en\/wp-json\/wp\/v2\/users\/1"}],"replies":[{"embeddable":true,"href":"https:\/\/www.sipeurope.eu\/en\/wp-json\/wp\/v2\/comments?post=2439"}],"version-history":[{"count":6,"href":"https:\/\/www.sipeurope.eu\/en\/wp-json\/wp\/v2\/pages\/2439\/revisions"}],"predecessor-version":[{"id":2592,"href":"https:\/\/www.sipeurope.eu\/en\/wp-json\/wp\/v2\/pages\/2439\/revisions\/2592"}],"up":[{"embeddable":true,"href":"https:\/\/www.sipeurope.eu\/en\/wp-json\/wp\/v2\/pages\/2435"}],"wp:attachment":[{"href":"https:\/\/www.sipeurope.eu\/en\/wp-json\/wp\/v2\/media?parent=2439"}],"curies":[{"name":"wp","href":"https:\/\/api.w.org\/{rel}","templated":true}]}}